{"id":9779,"date":"2023-09-27T10:03:34","date_gmt":"2023-09-27T10:03:34","guid":{"rendered":"https:\/\/cooprogetti.it\/politica-de-privacidad-envio-de-cv\/"},"modified":"2024-11-07T11:47:05","modified_gmt":"2024-11-07T11:47:05","slug":"politica-de-privacidad-envio-de-cv","status":"publish","type":"page","link":"https:\/\/cooprogetti.it\/es\/politica-de-privacidad-envio-de-cv\/","title":{"rendered":"Pol\u00edtica de privacidad env\u00edo de CV"},"content":{"rendered":"<div class=\"fusion-fullwidth fullwidth-box fusion-builder-row-1 fusion-flex-container has-pattern-background has-mask-background nonhundred-percent-fullwidth non-hundred-percent-height-scrolling\" style=\"--awb-border-radius-top-left:0px;--awb-border-radius-top-right:0px;--awb-border-radius-bottom-right:0px;--awb-border-radius-bottom-left:0px;--awb-flex-wrap:wrap;\" ><div class=\"fusion-builder-row fusion-row fusion-flex-align-items-flex-start fusion-flex-content-wrap\" style=\"max-width:1248px;margin-left: calc(-4% \/ 2 );margin-right: calc(-4% \/ 2 );\"><div class=\"fusion-layout-column fusion_builder_column fusion-builder-column-0 fusion_builder_column_1_1 1_1 fusion-flex-column\" style=\"--awb-bg-size:cover;--awb-width-large:100%;--awb-margin-top-large:0px;--awb-spacing-right-large:1.92%;--awb-margin-bottom-large:20px;--awb-spacing-left-large:1.92%;--awb-width-medium:100%;--awb-order-medium:0;--awb-spacing-right-medium:1.92%;--awb-spacing-left-medium:1.92%;--awb-width-small:100%;--awb-order-small:0;--awb-spacing-right-small:1.92%;--awb-spacing-left-small:1.92%;\"><div class=\"fusion-column-wrapper fusion-column-has-shadow fusion-flex-justify-content-flex-start fusion-content-layout-column\"><div class=\"fusion-text fusion-text-1\"><p><strong>A. PRE\u00c1MBULO<\/strong><\/p>\n<p>En cumplimiento de lo previsto por el Reglamento Europeo de Protecci\u00f3n de Datos (General Data Protection Regulation) n.\u00ba 679 de 2016, deseamos proporcionarle, mediante este documento, informaci\u00f3n sobre la recopilaci\u00f3n y uso de sus datos personales por parte de COOPROGETTI soc. coop. El tratamiento de la informaci\u00f3n que le concierne y de los datos personales proporcionados o adquiridos en el marco de nuestra actividad se realizar\u00e1 respetando los principios de correcci\u00f3n, legalidad, transparencia y protecci\u00f3n de su privacidad y de cualquier otro derecho, en conformidad con el REGLAMENTO UE 2016\/679 (en adelante, Reglamento o simplemente GDPR) y sus modificaciones.<\/p>\n<p><strong>B. LOS DATOS PERSONALES QUE RECOPILAMOS<\/strong><\/p>\n<p>Los datos que pueden ser recopilados y tratados por el Responsable para los fines detallados a continuaci\u00f3n son \u00fanicamente los indicados en el formulario \u00abTRABAJA CON NOSOTROS\u00bb, as\u00ed como aquellos contenidos en el curr\u00edculum vitae cargado por el interesado en la misma p\u00e1gina. Estos datos incluyen: \u201cdatos comunes\u201d y, cuando sea necesario, datos pertenecientes a categor\u00edas especiales, conforme al art. 9 del GDPR, relacionados con la inscripci\u00f3n en las listas de colocaci\u00f3n ex L.68\/99, as\u00ed como la imagen fotogr\u00e1fica. A elecci\u00f3n del interesado, tambi\u00e9n pueden tratarse datos relacionados con terceros adjuntos en el apartado \u00abPORTAFOLIO\u00bb.<\/p>\n<p><strong>C. FINALIDAD DEL TRATAMIENTO &#8211; PARA QU\u00c9 SE UTILIZAN SUS DATOS PERSONALES<\/strong><\/p>\n<p>Los datos personales que recopilamos ser\u00e1n tratados \u00fanicamente con fines relacionados con la b\u00fasqueda y selecci\u00f3n de personal.<\/p>\n<p><strong>D. BASES LEGALES DEL TRATAMIENTO<\/strong><\/p>\n<p>Los datos y la informaci\u00f3n proporcionados voluntariamente por el Interesado en el curr\u00edculum se tratan en virtud del art. 111-bis del Decreto Legislativo 196\/2003 y sus modificaciones (C\u00f3digo de Privacidad) y, en el caso de datos especiales (art. 9 GDPR) relacionados con la inscripci\u00f3n en listas de colocaci\u00f3n, conforme a la Ley 68\/99.<\/p>\n<p><strong>E. CATEGOR\u00cdAS ESPECIALES DE DATOS PERSONALES<\/strong><\/p>\n<p>Tambi\u00e9n en cumplimiento con el principio de minimizaci\u00f3n, se solicita a los candidatos que no incluyan datos e informaci\u00f3n redundantes y\/o no necesarios en relaci\u00f3n con los fines de b\u00fasqueda y selecci\u00f3n de personal. Por tanto, se solicita a los candidatos que no indiquen datos personales pertenecientes a categor\u00edas especiales (relacionados en particular con la salud, creencias religiosas y opiniones pol\u00edticas) distintos de aquellos eventualmente previstos para el prop\u00f3sito de selecci\u00f3n (inscripci\u00f3n en listas de colocaci\u00f3n ex L. 68\/99); en este caso, el Responsable se abstendr\u00e1 de utilizar dicha informaci\u00f3n.<\/p>\n<p><strong>F. NATURALEZA DEL SUMINISTRO DE DATOS Y CONSECUENCIAS DE LA NEGATIVA A RESPONDER<\/strong><\/p>\n<p>Sin perjuicio de la libertad del Interesado de proporcionar sus datos personales, se se\u00f1ala que la falta de comunicaci\u00f3n de los datos impedir\u00e1 a la Empresa considerar la candidatura del Interesado en cualquier procedimiento de b\u00fasqueda y selecci\u00f3n de personal, con excepci\u00f3n de la imagen fotogr\u00e1fica, cuya falta de suministro no impide llevar a cabo el tratamiento relacionado.<\/p>\n<p>La falta de suministro de datos incluidos en las categor\u00edas especiales seg\u00fan el art. 9 del GDPR, mencionados en el punto 2 anterior, puede implicar la imposibilidad de continuar con el procedimiento de selecci\u00f3n \u00fanicamente en los casos en que el proceso est\u00e9 destinado a cubrir posiciones reservadas para trabajadores con discapacidad ex L. n.\u00ba 68\/99.<\/p>\n<p><strong>G. MODALIDADES DE TRATAMIENTO &#8211; C\u00d3MO SE TRATAN SUS DATOS PERSONALES<\/strong><\/p>\n<p>El tratamiento de sus datos se lleva a cabo mediante las operaciones indicadas en el p\u00e1rrafo 2 del art. 4 del Reglamento, espec\u00edficamente: recopilaci\u00f3n, registro, organizaci\u00f3n, conservaci\u00f3n, consulta, elaboraci\u00f3n, modificaci\u00f3n, selecci\u00f3n, extracci\u00f3n, comparaci\u00f3n, uso, interconexi\u00f3n, bloqueo, comunicaci\u00f3n, cancelaci\u00f3n y destrucci\u00f3n de los datos. Sus datos ser\u00e1n sometidos a tratamiento tanto en formato papel como electr\u00f3nico.<\/p>\n<p>Los datos no estar\u00e1n sujetos a un tratamiento completamente automatizado, tal y como se especifica en el art. 22 del GDPR.<\/p>\n<p><strong>H. \u00c1MBITO DE COMUNICACI\u00d3N Y DIVULGACI\u00d3N &#8211; QUI\u00c9N PUEDE ACCEDER A SUS DATOS<\/strong><\/p>\n<p>Los datos personales pueden ser accesibles por personas designadas para el tratamiento (empleados y colaboradores del Responsable) y\/o por proveedores de servicios relacionados con actividades de reclutamiento\/selecci\u00f3n\/contrataci\u00f3n de personal, as\u00ed como por proveedores de servicios inform\u00e1ticos que permiten la operatividad y el mantenimiento de la plataforma, obligados a tratar los datos para los mismos fines mencionados en el punto B anterior.<\/p>\n<p>Los datos personales no ser\u00e1n objeto de divulgaci\u00f3n.<\/p>\n<p><strong>I. PER\u00cdODO DE CONSERVACI\u00d3N DE LOS DATOS PERSONALES<\/strong><\/p>\n<p>Los datos ser\u00e1n conservados durante un per\u00edodo compatible con los fines indicados, respetando el principio de minimizaci\u00f3n. En particular, los datos se conservar\u00e1n durante un per\u00edodo no superior a dos a\u00f1os desde la fecha de recopilaci\u00f3n o de la \u00faltima actualizaci\u00f3n realizada por el Interesado.<\/p>\n<p><strong>J. TRANSFERENCIA DE DATOS<\/strong><\/p>\n<p>Los datos personales se almacenan en servidores ubicados en Italia, dentro de la Uni\u00f3n Europea. Sin embargo, se entiende que el Responsable, si fuera necesario, tendr\u00e1 la facultad de trasladar los servidores tambi\u00e9n fuera de la UE. En tal caso, el Responsable asegura desde ahora que la transferencia de datos fuera de la UE se llevar\u00e1 a cabo en conformidad con las disposiciones legales aplicables, previa firma de las cl\u00e1usulas contractuales est\u00e1ndar previstas por la Comisi\u00f3n Europea.<\/p>\n<p><strong>K. DERECHOS DEL INTERESADO<\/strong><\/p>\n<p>Como interesado, usted tiene los derechos establecidos en los arts. 15 \u2013 22 del GDPR, disponibles en el sitio:<\/p>\n<p><a href=\"https:\/\/eur-lex.europa.eu\/legal-content\/ES\/TXT\/PDF\/?uri=CELEX:32016R0679&amp;from=ES\" target=\"_new\" rel=\"noopener\">https:\/\/eur-lex.europa.eu\/legal-content\/ES\/TXT\/PDF\/?uri=CELEX:32016R0679&amp;from=ES<\/a><\/p>\n<p>El interesado puede ejercer sus derechos mediante el env\u00edo de un correo electr\u00f3nico expl\u00edcito a las direcciones\/contactos indicados en el punto J del presente documento.<\/p>\n<p><strong>L. RESPONSABLE, ENCARGADO Y TERCEROS AUTORIZADOS PARA EL TRATAMIENTO<\/strong><\/p>\n<p>El Responsable del tratamiento es COOPROGETTI soc. coop., con domicilio social en Via Thomas Alva Edison, 5 06024 Gubbio (PG), 06024 \u2013 tel. 075923011 &#8211; e-mail: <a rel=\"noopener\">staff@cooprogetti.it<\/a>, en la persona de su Representante Legal.<\/p>\n<p>La lista actualizada de los encargados y de los terceros autorizados para el tratamiento se conserva en la sede legal del Responsable del tratamiento.<\/p>\n<\/div><\/div><\/div><\/div><\/div>\n","protected":false},"excerpt":{"rendered":"","protected":false},"author":2,"featured_media":0,"parent":0,"menu_order":0,"comment_status":"closed","ping_status":"closed","template":"","meta":{"footnotes":""},"class_list":["post-9779","page","type-page","status-publish","hentry"],"_links":{"self":[{"href":"https:\/\/cooprogetti.it\/es\/wp-json\/wp\/v2\/pages\/9779","targetHints":{"allow":["GET"]}}],"collection":[{"href":"https:\/\/cooprogetti.it\/es\/wp-json\/wp\/v2\/pages"}],"about":[{"href":"https:\/\/cooprogetti.it\/es\/wp-json\/wp\/v2\/types\/page"}],"author":[{"embeddable":true,"href":"https:\/\/cooprogetti.it\/es\/wp-json\/wp\/v2\/users\/2"}],"replies":[{"embeddable":true,"href":"https:\/\/cooprogetti.it\/es\/wp-json\/wp\/v2\/comments?post=9779"}],"version-history":[{"count":2,"href":"https:\/\/cooprogetti.it\/es\/wp-json\/wp\/v2\/pages\/9779\/revisions"}],"predecessor-version":[{"id":9781,"href":"https:\/\/cooprogetti.it\/es\/wp-json\/wp\/v2\/pages\/9779\/revisions\/9781"}],"wp:attachment":[{"href":"https:\/\/cooprogetti.it\/es\/wp-json\/wp\/v2\/media?parent=9779"}],"curies":[{"name":"wp","href":"https:\/\/api.w.org\/{rel}","templated":true}]}}