{"id":9708,"date":"2024-10-29T10:39:56","date_gmt":"2024-10-29T10:39:56","guid":{"rendered":"https:\/\/cooprogetti.it\/cookie-policy\/"},"modified":"2024-11-07T10:50:29","modified_gmt":"2024-11-07T10:50:29","slug":"cookie-policy","status":"publish","type":"page","link":"https:\/\/cooprogetti.it\/es\/cookie-policy\/","title":{"rendered":"Cookie Policy"},"content":{"rendered":"<h3>Pol\u00edtica de Cookies de cooprogetti.it<\/h3>\n<p>Este documento contiene informaci\u00f3n sobre las tecnolog\u00edas que permiten a esta Aplicaci\u00f3n alcanzar los objetivos descritos a continuaci\u00f3n. Estas tecnolog\u00edas permiten al Titular recoger y guardar informaci\u00f3n (por ejemplo, mediante el uso de Cookies) o utilizar recursos (por ejemplo, ejecutando un script) en el dispositivo del Usuario cuando \u00e9ste interact\u00faa con esta Aplicaci\u00f3n.<\/p>\n<p>Por simplicidad, en este documento tales tecnolog\u00edas se denominan colectivamente como \u201cHerramientas de Seguimiento\u201d, salvo cuando haya razones para diferenciarlas.<br \/>\nPor ejemplo, aunque las Cookies pueden ser utilizadas en navegadores tanto web como m\u00f3viles, no ser\u00eda adecuado hablar de Cookies en el contexto de aplicaciones para dispositivos m\u00f3viles, ya que son Herramientas de Seguimiento que requieren la presencia de un navegador. Por este motivo, en este documento el t\u00e9rmino Cookie se utiliza solo para indicar espec\u00edficamente ese tipo particular de Herramienta de Seguimiento.<\/p>\n<p>Algunas de las finalidades para las que se emplean las Herramientas de Seguimiento pueden requerir el consentimiento del Usuario. Si se concede el consentimiento, \u00e9ste puede ser revocado en cualquier momento siguiendo las instrucciones contenidas en este documento.<\/p>\n<p>Esta Aplicaci\u00f3n utiliza Herramientas de Seguimiento gestionadas directamente por el Titular (com\u00fanmente conocidas como Herramientas de Seguimiento \u201cde primera parte\u201d) y Herramientas de Seguimiento que habilitan servicios proporcionados por terceros (conocidas como Herramientas de Seguimiento \u201cde tercera parte\u201d). Salvo que se especifique lo contrario en este documento, esos terceros tienen acceso a sus respectivas Herramientas de Seguimiento.<br \/>\nLa duraci\u00f3n y vencimiento de las Cookies y otras Herramientas de Seguimiento similares pueden variar seg\u00fan la configuraci\u00f3n del Titular o de cada proveedor tercero. Algunas de ellas caducan al final de la sesi\u00f3n de navegaci\u00f3n del Usuario.<\/p>\n<p>Adem\u00e1s de lo especificado en la descripci\u00f3n de cada una de las categor\u00edas indicadas a continuaci\u00f3n, los Usuarios pueden obtener informaci\u00f3n m\u00e1s detallada y actualizada sobre la duraci\u00f3n, as\u00ed como cualquier otra informaci\u00f3n relevante (como la presencia de otras Herramientas de Seguimiento), en las pol\u00edticas de privacidad de los respectivos proveedores terceros (mediante los enlaces proporcionados) o contactando al Titular.<\/p>\n<p><strong>C\u00f3mo esta Aplicaci\u00f3n utiliza las Herramientas de Seguimiento<\/strong><\/p>\n<p><strong>Necesarias<br \/>\n<\/strong>Esta Aplicaci\u00f3n utiliza Cookies com\u00fanmente conocidas como \u201ct\u00e9cnicas\u201d u otras Herramientas de Seguimiento similares para realizar actividades estrictamente necesarias para garantizar el funcionamiento o la prestaci\u00f3n del Servicio.<\/p>\n<p><strong>Experiencia<br \/>\n<\/strong>Esta Aplicaci\u00f3n utiliza Herramientas de Seguimiento para mejorar la calidad de la experiencia del usuario y permitir interacciones con contenidos, redes y plataformas externas.<\/p>\n<p><strong>Herramientas de Seguimiento gestionadas por terceros<\/strong><\/p>\n<ul>\n<li><strong>Widget de Google Maps (Google Ireland Limited)<\/strong><br \/>\nGoogle Maps es un servicio de visualizaci\u00f3n de mapas gestionado por Google Ireland Limited que permite a esta Aplicaci\u00f3n integrar estos contenidos en sus propias p\u00e1ginas.<br \/>\nDatos Personales procesados: Herramientas de Seguimiento.<br \/>\nLugar de procesamiento: Irlanda \u2013 <a href=\"https:\/\/policies.google.com\/privacy\" target=\"_blank\" rel=\"noopener noreferrer\">Privacy Policy<\/a>.<\/li>\n<li><strong>Video de Vimeo (Vimeo, LLC)<\/strong><br \/>\nVimeo es un servicio de visualizaci\u00f3n de contenidos de video gestionado por Vimeo, LLC, que permite a esta Aplicaci\u00f3n integrar estos contenidos en sus propias p\u00e1ginas.<br \/>\nDatos Personales procesados: Datos de uso y Herramientas de Seguimiento.<br \/>\nLugar de procesamiento: Estados Unidos \u2013 \u00a0<a href=\"https:\/\/vimeo.com\/privacy\" target=\"_blank\" rel=\"noopener noreferrer\">Privacy Policy<\/a>.<\/li>\n<\/ul>\n<p>Duraci\u00f3n del almacenamiento:<\/p>\n<ul>\n<li>player: 1 a\u00f1o<\/li>\n<li>vuid: 2 a\u00f1os<\/li>\n<\/ul>\n<p><strong>Medici\u00f3n<br \/>\n<\/strong>Esta Aplicaci\u00f3n utiliza Herramientas de Seguimiento para medir el tr\u00e1fico y analizar el comportamiento de los Usuarios con el fin de mejorar el Servicio.<\/p>\n<p><strong>Herramientas de Seguimiento gestionadas por terceros<\/strong><\/p>\n<ul>\n<li><strong>Google Analytics 4 (Google LLC)<\/strong><br \/>\nGoogle Analytics es un servicio de estad\u00edsticas proporcionado por Google LLC (\u201cGoogle\u201d). Google utiliza los Datos Personales recopilados para realizar el seguimiento y an\u00e1lisis del uso de esta Aplicaci\u00f3n, generar informes y compartirlos con otros servicios desarrollados por Google. Google puede utilizar los Datos Personales para contextualizar y personalizar los anuncios en su red publicitaria. En Google Analytics 4, las direcciones IP se utilizan en el momento de la recopilaci\u00f3n y luego se eliminan antes de que los datos se registren en cualquier centro de datos o servidor. Para obtener m\u00e1s informaci\u00f3n, puedes consultar la <a href=\"https:\/\/support.google.com\/analytics\/answer\/12017362?hl=it&amp;ref_topic=2919631\">documentaci\u00f3n oficial de Google<\/a>.<br \/>\nPara obtener m\u00e1s informaci\u00f3n sobre el uso de datos por parte de Google, consulte su <a href=\"https:\/\/policies.google.com\/technologies\/partner-sites\">pol\u00edtica de socios<\/a> y su <a href=\"https:\/\/business.safety.google\/privacy\/\">p\u00e1gina de datos comerciales<\/a>.Datos Personales Tratados: Datos de Uso, n\u00famero de Usuarios, estad\u00edsticas de sesi\u00f3n y Herramientas de Seguimiento.Lugar de procesamiento: Estados Unidos \u2013 \u00a0<a href=\"https:\/\/business.safety.google\/privacy\/\" target=\"_blank\" rel=\"noopener noreferrer\">Privacy Policy<\/a>\u00a0\u2013\u00a0<a href=\"https:\/\/tools.google.com\/dlpage\/gaoptout?hl=it\" target=\"_blank\" rel=\"noopener\">Opt Out<\/a>.<\/li>\n<\/ul>\n<p>Duraci\u00f3n del almacenamiento:<\/p>\n<ul>\n<li>_ga: 2 a\u00f1os<\/li>\n<li><em>ga<\/em>*: 2 a\u00f1os<\/li>\n<\/ul>\n<p><strong>C\u00f3mo gestionar las preferencias y proporcionar o revocar el consentimiento en esta Aplicaci\u00f3n<br \/>\n<\/strong>Si el uso de Rastreadores se basa en el consentimiento, los Usuarios pueden proporcionar o revocar dicho consentimiento estableciendo o actualizando sus preferencias a trav\u00e9s del correspondiente panel de opciones de privacidad disponible en esta Aplicaci\u00f3n.<\/p>\n<p>En lo que respecta a las Herramientas de seguimiento de terceros, los Usuarios pueden gestionar sus preferencias visitando el enlace de exclusi\u00f3n correspondiente (si est\u00e1 disponible), utilizando las herramientas descritas en la pol\u00edtica de privacidad del tercero o poni\u00e9ndose en contacto directamente con el tercero.<\/p>\n<p><strong>C\u00f3mo controlar o eliminar las Cookies y tecnolog\u00edas similares a trav\u00e9s de la configuraci\u00f3n de su dispositivo<\/strong><b><br \/>\n<\/b>Los usuarios pueden utilizar la configuraci\u00f3n de su navegador para:<\/p>\n<ul>\n<li>Ver qu\u00e9 Cookies o tecnolog\u00edas similares se han establecido en su dispositivo;<\/li>\n<li>Bloquear Cookies o tecnolog\u00edas similares;<\/li>\n<li>Eliminar cookies o tecnolog\u00edas similares del navegador.<\/li>\n<\/ul>\n<p>Sin embargo, los ajustes del navegador no permiten un control granular del consentimiento por categor\u00edas.<\/p>\n<p>Los usuarios pueden, por ejemplo, encontrar informaci\u00f3n sobre c\u00f3mo gestionar las Cookies en algunos de los navegadores m\u00e1s populares en las siguientes direcciones:<\/p>\n<ul>\n<li><a href=\"https:\/\/support.google.com\/chrome\/answer\/95647?hl=it&amp;p=cpn_cookies\">Google Chrome<\/a><\/li>\n<li><a href=\"https:\/\/support.mozilla.org\/it\/kb\/Attivare%20e%20disattivare%20i%20cookie\">Mozilla Firefox<\/a><\/li>\n<li><a href=\"https:\/\/support.apple.com\/it-it\/guide\/safari\/manage-cookies-and-website-data-sfri11471\/\">Apple Safari<\/a><\/li>\n<li><a href=\"http:\/\/windows.microsoft.com\/it-it\/windows-vista\/block-or-allow-cookies\">Microsoft Internet Explorer<\/a><\/li>\n<li><a href=\"https:\/\/support.microsoft.com\/it-it\/help\/4027947\">Microsoft Edge<\/a><\/li>\n<li><a href=\"https:\/\/support.brave.com\/hc\/articles\/360022806212-How-do-I-use-Shields-while-browsing\">Brave<\/a><\/li>\n<li><a href=\"https:\/\/help.opera.com\/latest\/web-preferences\/#cookies\">Opera<\/a><\/li>\n<\/ul>\n<p>Los usuarios tambi\u00e9n pueden gestionar determinadas Herramientas de seguimiento de aplicaciones m\u00f3viles desactiv\u00e1ndolas a trav\u00e9s de la configuraci\u00f3n adecuada del dispositivo, como la configuraci\u00f3n de publicidad m\u00f3vil o la configuraci\u00f3n de seguimiento en general (los usuarios pueden consultar la configuraci\u00f3n de su dispositivo para encontrar la correspondiente).<\/p>\n<p><strong>Consecuencias de negarse a utilizar las Herramientas de seguimiento<\/strong><b><br \/>\n<\/b>Los Usuarios son libres de decidir si permiten o no el uso de las Herramientas de Seguimiento. Sin embargo, tenga en cuenta que las Herramientas de Seguimiento permiten a esta Aplicaci\u00f3n proporcionar a los Usuarios una mejor experiencia y funcionalidades mejoradas (en l\u00ednea con los prop\u00f3sitos descritos en este documento). Por lo tanto, si el Usuario decide bloquear el uso de Herramientas de seguimiento, es posible que el Propietario no pueda proporcionar las funcionalidades relacionadas.<\/p>\n<p><strong>Controlador de datos<br \/>\n<\/strong><i>Alessandro Placucci<br \/>\n<\/i><i>Sociedad Cooperativa Cooprogetti<br \/>\n<\/i><i>via Thomas Alva Edison, 5<br \/>\n<\/i><i>06024 Gubbio (PG)<br \/>\n<\/i><i>Direcci\u00f3n de correo electr\u00f3nico del propietario: qualita@cooprogetti.it<\/i><\/p>\n<p>Dado que el uso de Herramientas de Seguimiento de Terceros en esta Aplicaci\u00f3n no puede ser controlado completamente por el Propietario, cualquier referencia espec\u00edfica a Herramientas de Seguimiento de Terceros debe considerarse indicativa. Para obtener informaci\u00f3n completa, se invita amablemente a los Usuarios a consultar la pol\u00edtica de privacidad de los respectivos servicios de terceros enumerados en este documento.<\/p>\n<p>Dada la complejidad objetiva de la identificaci\u00f3n de las tecnolog\u00edas de seguimiento, se invita a los Usuarios a ponerse en contacto con el Propietario si desean recibir m\u00e1s informaci\u00f3n sobre el uso de dichas tecnolog\u00edas en esta Aplicaci\u00f3n.<\/p>\n<p><strong>Definiciones y referencias legales<\/strong><\/p>\n<p><strong>Datos personales<br \/>\n<\/strong>Los Datos Personales son cualquier informaci\u00f3n que, directa o indirectamente, incluso en conexi\u00f3n con cualquier otra informaci\u00f3n, incluido un n\u00famero de identificaci\u00f3n personal, hace que una persona f\u00edsica sea identificada o identificable.<\/p>\n<p><strong>Datos de uso<br \/>\n<\/strong>Se trata de la informaci\u00f3n recopilada autom\u00e1ticamente a trav\u00e9s de esta Aplicaci\u00f3n (incluso por aplicaciones de terceros integradas en esta Aplicaci\u00f3n), incluyendo: direcciones IP o nombres de dominio de los ordenadores utilizados por el Usuario que se conecta con esta Aplicaci\u00f3n, direcciones de notaci\u00f3n URI (Uniform Resource Identifier), la hora de la solicitud, el m\u00e9todo utilizado para reenviar la solicitud al servidor, el tama\u00f1o del archivo obtenido como respuesta, el c\u00f3digo num\u00e9rico que indica el estado de la respuesta del servidor (correcto, error, etc.), el pa\u00eds de origen, las caracter\u00edsticas del navegador y del sistema operativo utilizados por el visitante, las distintas connotaciones temporales de la visita (por ejemplo, el tiempo empleado en cada p\u00e1gina) y los detalles del itinerario de la visita (por ejemplo, el tiempo empleado en cada p\u00e1gina). ) el pa\u00eds de origen, las caracter\u00edsticas del navegador y del sistema operativo utilizados por el visitante, las distintas connotaciones temporales de la visita (por ejemplo, el tiempo dedicado a cada p\u00e1gina) y los detalles del itinerario seguido dentro de la Aplicaci\u00f3n, con especial referencia a la secuencia de las p\u00e1ginas consultadas, los par\u00e1metros relativos al sistema operativo y al entorno inform\u00e1tico del Usuario.<\/p>\n<p><strong>Usuario<br \/>\n<\/strong>La persona f\u00edsica que utiliza esta Aplicaci\u00f3n que, salvo que se especifique lo contrario, coincide con el Titular de los datos.<\/p>\n<p><strong>Interesado<br \/>\n<\/strong>La persona f\u00edsica a la que se refieren los Datos Personales.<\/p>\n<p><strong>Responsable del tratamiento<br \/>\n<\/strong>La persona f\u00edsica, jur\u00eddica, administraci\u00f3n p\u00fablica y cualquier otra entidad que procese Datos Personales en nombre del Controlador, tal y como se establece en esta pol\u00edtica de privacidad.<\/p>\n<p><strong>Responsable del tratamiento (o Encargado del tratamiento)<br \/>\n<\/strong>La persona f\u00edsica o jur\u00eddica, autoridad p\u00fablica, servicio u otro organismo que, individualmente o junto con otros, determina los fines y medios del tratamiento de datos personales y los instrumentos adoptados, incluidas las medidas de seguridad relativas al funcionamiento y uso de esta Aplicaci\u00f3n. El Responsable del Tratamiento, salvo que se especifique lo contrario, es el titular de esta Aplicaci\u00f3n.<\/p>\n<p><strong>Esta Aplicaci\u00f3n<br \/>\n<\/strong>La herramienta de hardware o software a trav\u00e9s de la cual se recogen y procesan los Datos Personales de los Usuarios.<\/p>\n<p><strong>Servicio<br \/>\n<\/strong>El Servicio proporcionado por esta Aplicaci\u00f3n tal y como se define en los t\u00e9rminos pertinentes (si los hubiera) en este sitio\/aplicaci\u00f3n.<\/p>\n<p><strong>Uni\u00f3n Europea (o UE)<br \/>\n<\/strong>A menos que se especifique lo contrario, se considerar\u00e1 que cualquier referencia a la Uni\u00f3n Europea en este documento incluye a todos los Estados miembros actuales de la Uni\u00f3n Europea y el Espacio Econ\u00f3mico Europeo.<\/p>\n<p><strong>Cookies<br \/>\n<\/strong>Las cookies son herramientas de seguimiento que consisten en peque\u00f1os fragmentos de datos almacenados en el navegador del Usuario.<\/p>\n<p><strong>Herramienta de seguimiento<br \/>\n<\/strong>Una herramienta de seguimiento es cualquier tecnolog\u00eda -por ejemplo, cookies, identificadores \u00fanicos, balizas web, secuencias de comandos integradas, etiquetas electr\u00f3nicas y huellas dactilares- que permite rastrear a los Usuarios, por ejemplo, recopilando o almacenando informaci\u00f3n en el dispositivo del Usuario.<\/p>\n<p><strong>Referencias legales<br \/>\n<\/strong>A menos que se especifique lo contrario, esta pol\u00edtica de privacidad se refiere exclusivamente a esta Aplicaci\u00f3n.<\/p>\n<p>\u00daltima modificaci\u00f3n: 28 de octubre de 2024<\/p>\n<p><a href=\"https:\/\/cooprogetti.it\/privacy-policy-completa\/\">Ver la pol\u00edtica de privacidad completa<\/a><\/p>\n<p><a href=\"https:\/\/www.iubenda.com\/it\/cookie-solution\">iubenda<\/a> ha sido utilizada para generar este contenido y recoge \u00fanicamente <a href=\"https:\/\/www.iubenda.com\/privacy-policy\/19418041\">los Datos Personales estrictamente necesarios<\/a> para su prestaci\u00f3n.<\/p>\n","protected":false},"excerpt":{"rendered":"<p>Pol\u00edtica de Cookies de cooprogetti.it Este documento contiene informaci\u00f3n sobre  [&#8230;]<\/p>\n","protected":false},"author":2,"featured_media":0,"parent":0,"menu_order":0,"comment_status":"closed","ping_status":"closed","template":"","meta":{"footnotes":""},"class_list":["post-9708","page","type-page","status-publish","hentry"],"_links":{"self":[{"href":"https:\/\/cooprogetti.it\/es\/wp-json\/wp\/v2\/pages\/9708","targetHints":{"allow":["GET"]}}],"collection":[{"href":"https:\/\/cooprogetti.it\/es\/wp-json\/wp\/v2\/pages"}],"about":[{"href":"https:\/\/cooprogetti.it\/es\/wp-json\/wp\/v2\/types\/page"}],"author":[{"embeddable":true,"href":"https:\/\/cooprogetti.it\/es\/wp-json\/wp\/v2\/users\/2"}],"replies":[{"embeddable":true,"href":"https:\/\/cooprogetti.it\/es\/wp-json\/wp\/v2\/comments?post=9708"}],"version-history":[{"count":7,"href":"https:\/\/cooprogetti.it\/es\/wp-json\/wp\/v2\/pages\/9708\/revisions"}],"predecessor-version":[{"id":9765,"href":"https:\/\/cooprogetti.it\/es\/wp-json\/wp\/v2\/pages\/9708\/revisions\/9765"}],"wp:attachment":[{"href":"https:\/\/cooprogetti.it\/es\/wp-json\/wp\/v2\/media?parent=9708"}],"curies":[{"name":"wp","href":"https:\/\/api.w.org\/{rel}","templated":true}]}}