{"id":9707,"date":"2024-10-29T10:38:00","date_gmt":"2024-10-29T10:38:00","guid":{"rendered":"https:\/\/cooprogetti.it\/politica-de-privacidad-completa\/"},"modified":"2024-11-07T11:40:42","modified_gmt":"2024-11-07T11:40:42","slug":"politica-de-privacidad-completa","status":"publish","type":"page","link":"https:\/\/cooprogetti.it\/es\/politica-de-privacidad-completa\/","title":{"rendered":"Pol\u00edtica de Privacidad Completa"},"content":{"rendered":"<h3>Pol\u00edtica de Privacidad de cooprogetti.it\/<\/h3>\n<p>Esta Aplicaci\u00f3n recoge algunos Datos Personales de sus Usuarios.<\/p>\n<p>Este documento se puede imprimir utilizando el comando de impresi\u00f3n en la configuraci\u00f3n de cualquier navegador.<\/p>\n<p><strong>Responsable del Tratamiento de los Datos<\/strong><br \/>\n<em>Alessandro Placucci<\/em><br \/>\n<em>Cooprogetti Societ\u00e0 Cooperativa<\/em><br \/>\n<em>via Thomas Alva Edison, 5<\/em><br \/>\n<em>06024 Gubbio (PG)<\/em><br \/>\n<em>Indirizzo email del Titolare: qualita@cooprogetti.it<\/em><\/p>\n<p><strong>Tipolog\u00edas de Datos recogidos<br \/>\n<\/strong>Entre los Datos Personales recopilados por esta Aplicaci\u00f3n, de forma independiente o mediante terceros, se encuentran: Herramientas de Seguimiento; Datos de uso; correo electr\u00f3nico; n\u00famero de Usuarios; estad\u00edsticas de las sesiones.<\/p>\n<p>Se proporcionan detalles completos sobre cada tipo de Dato Personal recopilado en las secciones dedicadas de esta pol\u00edtica de privacidad o mediante textos informativos espec\u00edficos que se muestran antes de la recopilaci\u00f3n de los propios Datos.<br \/>\nLos Datos Personales pueden ser proporcionados libremente por el Usuario o, en el caso de Datos de Uso, recogidos autom\u00e1ticamente durante el uso de esta Aplicaci\u00f3n.<br \/>\nSi no se especifica lo contrario, todos los Datos solicitados por esta Aplicaci\u00f3n son obligatorios. Si el Usuario se niega a proporcionarlos, puede ser imposible para esta Aplicaci\u00f3n proporcionar el Servicio. En los casos en que esta Aplicaci\u00f3n indique ciertos Datos como opcionales, los Usuarios son libres de abstenerse de proporcionar dichos Datos, sin que esto tenga ninguna consecuencia sobre la disponibilidad del Servicio o su operatividad.<br \/>\nLos Usuarios que tengan dudas sobre qu\u00e9 Datos son obligatorios est\u00e1n alentados a contactar con el Responsable.<br \/>\nEl uso eventual de Cookies &#8211; u otras herramientas de seguimiento &#8211; por parte de esta Aplicaci\u00f3n o de los titulares de los servicios de terceros utilizados por esta Aplicaci\u00f3n tiene como finalidad proporcionar el Servicio solicitado por el Usuario, adem\u00e1s de las dem\u00e1s finalidades descritas en el presente documento y en la Pol\u00edtica de Cookies.<\/p>\n<p>El Usuario asume la responsabilidad de los Datos Personales de terceros obtenidos, publicados o compartidos mediante esta Aplicaci\u00f3n.<\/p>\n<p><strong>Modalidad y lugar del tratamiento de los Datos recogidos<\/strong><\/p>\n<p><strong>Modalidad de tratamiento<\/strong><br \/>\nEl Responsable adopta las medidas de seguridad adecuadas para impedir el acceso, la divulgaci\u00f3n, la modificaci\u00f3n o la destrucci\u00f3n no autorizadas de los Datos Personales.<br \/>\nEl tratamiento se lleva a cabo mediante herramientas inform\u00e1ticas y\/o telem\u00e1ticas, con m\u00e9todos organizativos y l\u00f3gicas estrictamente relacionadas con las finalidades indicadas. Adem\u00e1s del Responsable, en algunos casos, pueden tener acceso a los Datos otros sujetos involucrados en la organizaci\u00f3n de esta Aplicaci\u00f3n (personal administrativo, comercial, de marketing, abogados, administradores de sistemas) o sujetos externos (como proveedores de servicios t\u00e9cnicos, transportistas, proveedores de hosting, empresas de inform\u00e1tica, agencias de comunicaci\u00f3n) designados, si es necesario, como Encargados del Tratamiento por el Responsable. La lista actualizada de los Encargados podr\u00e1 solicitarse al Responsable en cualquier momento.<\/p>\n<p><strong>Lugar<\/strong><br \/>\nLos Datos se tratan en las sedes operativas del Responsable y en cualquier otro lugar donde las partes involucradas en el tratamiento se encuentren localizadas. Para obtener m\u00e1s informaci\u00f3n, contacta con el Responsable.<br \/>\nLos Datos Personales del Usuario pueden ser transferidos a un pa\u00eds distinto del que se encuentra el Usuario. Para obtener m\u00e1s informaci\u00f3n sobre el lugar de tratamiento, el Usuario puede consultar la secci\u00f3n relativa a los detalles sobre el tratamiento de los Datos Personales.<\/p>\n<p><strong>Per\u00edodo de conservaci\u00f3n<\/strong><br \/>\nA menos que se indique lo contrario en este documento, los Datos Personales se tratan y conservan durante el tiempo necesario para la finalidad para la cual se han recogido y pueden conservarse durante un per\u00edodo m\u00e1s largo debido a obligaciones legales o con base en el consentimiento de los Usuarios.<\/p>\n<hr \/>\n<p><strong>Finalidad del Tratamiento de los Datos recogidos<\/strong><br \/>\nLos Datos del Usuario se recopilan para permitir al Responsable proporcionar el Servicio, cumplir con obligaciones legales, responder a solicitudes o acciones legales, proteger sus propios derechos e intereses (o los de Usuarios o terceros), identificar actividades fraudulentas o maliciosas, as\u00ed como para las siguientes finalidades: Visualizaci\u00f3n de contenidos desde plataformas externas, Contactar al Usuario y Estad\u00edsticas.<\/p>\n<p>Para obtener informaci\u00f3n detallada sobre las finalidades del tratamiento y los Datos Personales tratados para cada finalidad, el Usuario puede consultar la secci\u00f3n \u201cDetalles sobre el tratamiento de los Datos Personales\u201d.<\/p>\n<hr \/>\n<p><strong>Detalles sobre el tratamiento de los Datos Personales<\/strong><br \/>\nLos Datos Personales se recopilan para las siguientes finalidades y utilizando los siguientes servicios:<br \/>\n<strong>Contactar al Usuario<\/strong><\/p>\n<p><strong>Formulario de contacto (esta Aplicaci\u00f3n)<\/strong><br \/>\nEl Usuario, al completar con sus Datos el formulario de contacto, consiente su uso para responder a solicitudes de informaci\u00f3n, presupuestos, o de cualquier otra naturaleza indicada en la cabecera del formulario.<\/p>\n<p><strong>Datos Personales tratados<\/strong>: Datos de uso; correo electr\u00f3nico.<\/p>\n<p><strong>Estad\u00edsticas<\/strong><br \/>\nLos servicios contenidos en esta secci\u00f3n permiten al Responsable del Tratamiento de monitorear y analizar los datos de tr\u00e1fico y sirven para llevar un registro del comportamiento del Usuario.<\/p>\n<p><strong>Google Analytics 4 (Google LLC)<\/strong><br \/>\nGoogle Analytics es un servicio de estad\u00edsticas proporcionado por Google LLC (\u201cGoogle\u201d). Google utiliza los Datos Personales recogidos con el prop\u00f3sito de rastrear y examinar el uso de esta Aplicaci\u00f3n, compilar informes y compartirlos con otros servicios desarrollados por Google. Google podr\u00eda utilizar los Datos Personales para contextualizar y personalizar los anuncios de su red publicitaria. En Google Analytics 4, las direcciones IP se utilizan en el momento de la recopilaci\u00f3n y luego se eliminan antes de que los datos se almacenen en cualquier centro de datos o servidor. Para m\u00e1s informaci\u00f3n, consulta la <a href=\"https:\/\/support.google.com\/analytics\/answer\/12017362?hl=it&amp;ref_topic=2919631\" target=\"_new\" rel=\"noopener\">documentaci\u00f3n oficial de Google<\/a>. Para conocer el uso de los Datos por parte de Google, consulta su \u00a0<a href=\"https:\/\/policies.google.com\/technologies\/partner-sites\" target=\"_blank\" rel=\"noopener\">partner policy<\/a>\u00a0y su <a href=\"https:\/\/business.safety.google\/privacy\/\" target=\"_new\" rel=\"noopener\">p\u00e1gina de Datos Comerciales<\/a>.<\/p>\n<p>Datos Personales tratados: Datos de uso; n\u00famero de Usuarios; estad\u00edsticas de las sesiones; Herramientas de Seguimiento.<\/p>\n<p>Lugar del tratamiento: Estados Unidos \u2013 <a href=\"https:\/\/business.safety.google\/privacy\/\" target=\"_blank\" rel=\"noopener noreferrer\">Privacy Policy<\/a>\u00a0\u2013\u00a0<a href=\"https:\/\/tools.google.com\/dlpage\/gaoptout?hl=it\" target=\"_blank\" rel=\"noopener\">Opt Out<\/a>.<\/p>\n<hr \/>\n<p><strong>Visualizaci\u00f3n de contenidos desde plataformas externas<\/strong><br \/>\nEste tipo de servicios permite visualizar contenidos alojados en plataformas externas directamente desde las p\u00e1ginas de esta Aplicaci\u00f3n y de interactuar con ellos. Este tipo de servicio podr\u00eda, no obstante, recopilar datos de tr\u00e1fico web relativos a las p\u00e1ginas donde est\u00e9 instalado, incluso cuando los usuarios no lo utilicen.<\/p>\n<p><strong>Widget Google Maps (Google Ireland Limited)<\/strong><br \/>\nGoogle Maps es un servicio de visualizaci\u00f3n de mapas gestionado por Google Ireland Limited que permite a esta Aplicaci\u00f3n integrar dichos contenidos en sus propias p\u00e1ginas.<\/p>\n<p>Datos Personales tratados: Herramientas de Seguimiento.<\/p>\n<p>Lugar del tratamiento: Irlanda \u2013 <a href=\"https:\/\/policies.google.com\/privacy\" target=\"_blank\" rel=\"noopener noreferrer\">Privacy Policy<\/a>.<\/p>\n<p><strong>Video Vimeo (Vimeo, LLC)<\/strong><br \/>\nVimeo es un servicio de visualizaci\u00f3n de contenidos de video gestionado por Vimeo, LLC, que permite a esta Aplicaci\u00f3n integrar dichos contenidos en sus propias p\u00e1ginas.<\/p>\n<p>Datos Personales tratados: Datos de uso; Herramientas de Seguimiento.<\/p>\n<p>Lugar del tratamiento: Estados Unidos \u2013 \u00a0<a href=\"https:\/\/vimeo.com\/privacy\" target=\"_blank\" rel=\"noopener noreferrer\">Privacy Policy<\/a>.<\/p>\n<hr \/>\n<p><strong>Cookie Policy<\/strong><br \/>\nEsta Aplicaci\u00f3n utiliza Herramientas de Seguimiento. Para saber m\u00e1s, los Usuarios pueden consultar la \u00a0<a class=\"show_comp_link iframe-preserve an-preserve\" title=\"Cookie Policy\" href=\"\/\/www.iubenda.com\/private\/privacy-policy\/2618845\/cookie-policy?preview=true&amp;ifr=true&amp;height=800&amp;newmarkup=no&amp;an=no\">Cookie Policy<\/a>.<\/p>\n<p><strong>Informaci\u00f3n adicional para los usuarios<\/strong><\/p>\n<p><strong>Base jur\u00eddica del tratamiento<br \/>\n<\/strong>El Responsable trata Datos Personales relativos al Usuario en caso de que exista una de las siguientes condiciones:<\/p>\n<ul>\n<li>El Usuario ha dado su consentimiento para una o m\u00e1s finalidades espec\u00edficas.<\/li>\n<li>El tratamiento es necesario para la ejecuci\u00f3n de un contrato con el Usuario y\/o para la ejecuci\u00f3n de medidas precontractuales.<\/li>\n<li>El tratamiento es necesario para cumplir con una obligaci\u00f3n legal a la que est\u00e9 sujeto el Responsable.<\/li>\n<li>El tratamiento es necesario para la ejecuci\u00f3n de una tarea de inter\u00e9s p\u00fablico o para el ejercicio de poderes p\u00fablicos de los que est\u00e1 investido el Responsable.<\/li>\n<li>El tratamiento es necesario para la consecuci\u00f3n de un inter\u00e9s leg\u00edtimo del Responsable o de terceros.<\/li>\n<\/ul>\n<p>Es siempre posible solicitar al Responsable que aclare la concreta base jur\u00eddica de cada tratamiento y, en particular, que especifique si el tratamiento se basa en la ley, se prev\u00e9 en un contrato o es necesario para la celebraci\u00f3n de un contrato.<\/p>\n<p><strong>Informaci\u00f3n adicional sobre el tiempo de conservaci\u00f3n<br \/>\n<\/strong>Salvo que se indique lo contrario en este documento, los Datos Personales se tratan y conservan durante el tiempo necesario para cumplir con el prop\u00f3sito para el cual fueron recopilados y pueden conservarse por un per\u00edodo m\u00e1s prolongado debido a obligaciones legales o en base al consentimiento de los Usuarios.<\/p>\n<p>Por lo tanto:<\/p>\n<ul>\n<li>Los Datos Personales recopilados para cumplir con un contrato entre el Responsable y el Usuario se conservar\u00e1n hasta que se complete la ejecuci\u00f3n de dicho contrato.<\/li>\n<li>Los Datos Personales recopilados para finalidades relacionadas con el inter\u00e9s leg\u00edtimo del Responsable se conservar\u00e1n hasta que se cumpla dicho inter\u00e9s. El Usuario puede obtener m\u00e1s informaci\u00f3n sobre el inter\u00e9s leg\u00edtimo que persigue el Responsable en las secciones correspondientes de este documento o contactando directamente con el Responsable. Cuando el tratamiento se basa en el consentimiento del Usuario, el Responsable puede conservar los Datos Personales por un per\u00edodo m\u00e1s largo hasta que dicho consentimiento sea revocado. Adem\u00e1s, el Responsable podr\u00eda estar obligado a conservar los Datos Personales durante un per\u00edodo m\u00e1s prolongado para cumplir con una obligaci\u00f3n legal o por orden de una autoridad.<\/li>\n<\/ul>\n<p>Al finalizar el per\u00edodo de conservaci\u00f3n, los Datos Personales ser\u00e1n eliminados. Por lo tanto, al vencer este plazo, el derecho de acceso, eliminaci\u00f3n, rectificaci\u00f3n y el derecho a la portabilidad de los Datos ya no podr\u00e1n ejercerse.<\/p>\n<p><strong>Derechos del Usuario en virtud del Reglamento General de Protecci\u00f3n de Datos (GDPR)<br \/>\n<\/strong>Los Usuarios pueden ejercer ciertos derechos con respecto a los Datos tratados por el Responsable. En particular, dentro de los l\u00edmites previstos por la ley, el Usuario tiene derecho a:<\/p>\n<ul>\n<li><strong>Revocar el consentimiento en cualquier momento<\/strong>. El Usuario puede revocar el consentimiento previamente otorgado para el tratamiento de sus Datos Personales.<\/li>\n<li><strong>Oponerse al tratamiento de sus Datos<\/strong>. El Usuario puede oponerse al tratamiento de sus Datos cuando este se realice sobre una base jur\u00eddica distinta del consentimiento.<\/li>\n<li><strong>Acceder a sus Datos<\/strong>. El Usuario tiene derecho a obtener informaci\u00f3n sobre los Datos tratados por el Responsable, sobre aspectos espec\u00edficos del tratamiento y a recibir una copia de los Datos tratados.<\/li>\n<li><strong>Verificar y solicitar la rectificaci\u00f3n<\/strong>. El Usuario puede verificar la exactitud de sus Datos y solicitar que se actualicen o corrijan.<\/li>\n<li><strong>Obtener la limitaci\u00f3n del tratamiento<\/strong>. El Usuario puede solicitar la limitaci\u00f3n del tratamiento de sus Datos. En este caso, el Responsable no tratar\u00e1 los Datos para ning\u00fan otro fin que no sea su conservaci\u00f3n.<\/li>\n<li><strong>Obtener la eliminaci\u00f3n o supresi\u00f3n de sus Datos Personales<\/strong>. El Usuario puede solicitar que el Responsable elimine sus Datos.<\/li>\n<li><strong>Recibir sus Datos o transferirlos a otro responsable<\/strong>. El Usuario tiene derecho a recibir sus Datos en un formato estructurado, de uso com\u00fan y legible por un dispositivo autom\u00e1tico y, cuando sea t\u00e9cnicamente factible, a obtener su transferencia sin obst\u00e1culos a otro responsable.<\/li>\n<li><strong>Presentar una reclamaci\u00f3n<\/strong>. El Usuario puede presentar una reclamaci\u00f3n ante la autoridad de control de protecci\u00f3n de datos competente o recurrir a la v\u00eda judicial.<\/li>\n<\/ul>\n<p>Los Usuarios tienen derecho a obtener informaci\u00f3n sobre la base legal para la transferencia de Datos al extranjero, incluido hacia cualquier organizaci\u00f3n internacional regulada por el derecho internacional o constituida por dos o m\u00e1s pa\u00edses, como la ONU, as\u00ed como sobre las medidas de seguridad adoptadas por el Responsable para proteger sus Datos.<\/p>\n<p><strong>Detalles sobre el derecho de oposici\u00f3n<br \/>\n<\/strong>Cuando los Datos Personales se traten en inter\u00e9s p\u00fablico, en el ejercicio de poderes p\u00fablicos conferidos al Responsable o para perseguir un inter\u00e9s leg\u00edtimo del Responsable, los Usuarios tienen derecho a oponerse al tratamiento por motivos relacionados con su situaci\u00f3n particular.<\/p>\n<p>Se informa a los Usuarios que, si sus Datos se tratan con fines de marketing directo, pueden oponerse al tratamiento en cualquier momento, de forma gratuita y sin necesidad de proporcionar ninguna justificaci\u00f3n. En caso de que los Usuarios se opongan al tratamiento con fines de marketing directo, los Datos Personales dejar\u00e1n de tratarse para dichos fines. Para saber si el Responsable trata Datos con fines de marketing directo, los Usuarios pueden consultar las secciones correspondientes de este documento.<\/p>\n<p><strong>C\u00f3mo ejercer los derechos<br \/>\n<\/strong>Cualquier solicitud para ejercer los derechos del Usuario puede dirigirse al Responsable utilizando los datos de contacto proporcionados en este documento. La solicitud es gratuita y el Responsable responder\u00e1 lo antes posible, en cualquier caso dentro de un mes, proporcionando al Usuario toda la informaci\u00f3n requerida por la ley. Cualquier rectificaci\u00f3n, eliminaci\u00f3n o limitaci\u00f3n del tratamiento ser\u00e1 comunicada por el Responsable a cada uno de los destinatarios, si existen, a quienes se hayan transmitido los Datos Personales, salvo que ello sea imposible o implique un esfuerzo desproporcionado. El Responsable comunicar\u00e1 dichos destinatarios al Usuario si as\u00ed lo solicita.<\/p>\n<p><strong>Informaci\u00f3n adicional sobre el tratamiento<\/strong><\/p>\n<p><strong>Defensa en juicio<br \/>\n<\/strong>Los Datos Personales del Usuario pueden ser utilizados por el Responsable en juicio o en las etapas preparatorias a su posible iniciaci\u00f3n para la defensa contra abusos en el uso de esta Aplicaci\u00f3n o de los Servicios relacionados por parte del Usuario.<\/p>\n<p>El Usuario declara ser consciente de que el Responsable podr\u00eda estar obligado a revelar los Datos por orden de las autoridades p\u00fablicas.<\/p>\n<p><strong>Informativas espec\u00edficas<br \/>\n<\/strong>A solicitud del Usuario, adem\u00e1s de la informaci\u00f3n contenida en esta pol\u00edtica de privacidad, esta Aplicaci\u00f3n puede proporcionar al Usuario informativas adicionales y contextuales sobre Servicios espec\u00edficos o sobre la recopilaci\u00f3n y tratamiento de Datos Personales.<\/p>\n<p><strong>Registro de sistema y mantenimiento<br \/>\n<\/strong>Para necesidades relacionadas con el funcionamiento y el mantenimiento, esta Aplicaci\u00f3n y los posibles servicios de terceros que utilice pueden recopilar registros del sistema, es decir, archivos que registran las interacciones y que pueden contener tambi\u00e9n Datos Personales, como la direcci\u00f3n IP del Usuario.<\/p>\n<p><strong>Informaci\u00f3n no contenida en esta pol\u00edtica<br \/>\n<\/strong>Se pueden solicitar en cualquier momento al Responsable del Tratamiento m\u00e1s detalles en relaci\u00f3n con el tratamiento de los Datos Personales utilizando los datos de contacto.<\/p>\n<p><strong>Modificaciones a esta pol\u00edtica de privacidad<br \/>\n<\/strong>El Responsable del Tratamiento se reserva el derecho de realizar modificaciones a esta pol\u00edtica de privacidad en cualquier momento notific\u00e1ndolo a los Usuarios en esta p\u00e1gina y, si es posible, en esta Aplicaci\u00f3n as\u00ed como, si es t\u00e9cnica y legalmente factible, enviando una notificaci\u00f3n a los Usuarios a trav\u00e9s de alguno de los datos de contacto de los que disponga. Por favor, consulte esta p\u00e1gina con frecuencia, tomando como referencia la fecha de \u00faltima modificaci\u00f3n indicada al final. Si las modificaciones afectan a tratamientos cuya base legal es el consentimiento, el Responsable proceder\u00e1 a obtener de nuevo el consentimiento del Usuario, si fuera necesario.<\/p>\n<p><strong>Definiciones y referencias legales<\/strong><\/p>\n<p><strong>Datos Personales (o Datos)<\/strong>: Constituye dato personal cualquier informaci\u00f3n que, directamente o indirectamente, incluso en conexi\u00f3n con cualquier otra informaci\u00f3n, incluido un n\u00famero de identificaci\u00f3n personal, haga que una persona f\u00edsica sea identificada o identificable.<\/p>\n<p><strong>Datos de Uso<\/strong>: Son la informaci\u00f3n recopilada autom\u00e1ticamente a trav\u00e9s de esta Aplicaci\u00f3n (incluso de aplicaciones de terceros integradas en esta Aplicaci\u00f3n), tales como: las direcciones IP o los nombres de dominio de los ordenadores utilizados por el Usuario que se conecta con esta Aplicaci\u00f3n, las direcciones en notaci\u00f3n URI (Uniform Resource Identifier), la hora de la solicitud, el m\u00e9todo utilizado para enviar la solicitud al servidor, el tama\u00f1o del archivo obtenido en respuesta, el c\u00f3digo num\u00e9rico que indica el estado de la respuesta del servidor (resultado positivo, error, etc.), el pa\u00eds de origen, las caracter\u00edsticas del navegador y del sistema operativo utilizados por el visitante, las distintas connotaciones temporales de la visita (por ejemplo, el tiempo de permanencia en cada p\u00e1gina) y los detalles relativos al itinerario seguido dentro de la Aplicaci\u00f3n, con especial referencia a la secuencia de p\u00e1ginas consultadas, los par\u00e1metros relativos al sistema operativo y al entorno inform\u00e1tico del Usuario.<\/p>\n<p><strong>Usuario<\/strong><br \/>\nEl individuo que utiliza esta Aplicaci\u00f3n y que, salvo que se especifique lo contrario, coincide con el Interesado.<\/p>\n<p><strong>Interesado<\/strong><br \/>\nLa persona f\u00edsica a la que se refieren los Datos Personales.<\/p>\n<p><strong>Responsable del Tratamiento (o Responsable)<\/strong><br \/>\nLa persona f\u00edsica, jur\u00eddica, la administraci\u00f3n p\u00fablica o cualquier otro ente que trata datos personales por cuenta del Titular, seg\u00fan lo descrito en esta pol\u00edtica de privacidad.<\/p>\n<p><strong>Titular del Tratamiento (o Titular)<\/strong><br \/>\nLa persona f\u00edsica o jur\u00eddica, la autoridad p\u00fablica, el servicio u otro organismo que, individualmente o junto con otros, determina los fines y los medios del tratamiento de datos personales y los instrumentos adoptados, incluidas las medidas de seguridad relativas al funcionamiento y uso de esta Aplicaci\u00f3n. El Titular del Tratamiento, salvo que se indique lo contrario, es el titular de esta Aplicaci\u00f3n.<\/p>\n<p><strong>Esta Aplicaci\u00f3n<\/strong><br \/>\nEl medio hardware o software mediante el cual se recogen y tratan los Datos Personales de los Usuarios.<\/p>\n<p><strong>Servicio<\/strong><br \/>\nEl Servicio proporcionado por esta Aplicaci\u00f3n, tal como se define en los t\u00e9rminos correspondientes (si existen) en este sitio\/aplicaci\u00f3n.<\/p>\n<p><strong>Uni\u00f3n Europea (o UE)<\/strong><br \/>\nSalvo que se indique lo contrario, cualquier referencia a la Uni\u00f3n Europea contenida en este documento se entiende extendida a todos los actuales estados miembros de la Uni\u00f3n Europea y del Espacio Econ\u00f3mico Europeo.<\/p>\n<p><strong>Cookies<\/strong><br \/>\nLos Cookies son Herramientas de Seguimiento que consisten en peque\u00f1os fragmentos de datos almacenados dentro del navegador del Usuario.<\/p>\n<p><strong>Herramienta de Seguimiento<\/strong><br \/>\nPor Herramienta de Seguimiento se entiende cualquier tecnolog\u00eda &#8211; p. ej., Cookies, identificadores \u00fanicos, balizas web, scripts integrados, etiquetas electr\u00f3nicas y huellas digitales &#8211; que permite rastrear a los Usuarios, por ejemplo, recopilando o guardando informaci\u00f3n sobre el dispositivo del Usuario.<\/p>\n<p><strong>Referencias legales<\/strong><br \/>\nSalvo que se indique lo contrario, esta pol\u00edtica de privacidad se refiere exclusivamente a esta Aplicaci\u00f3n.<\/p>\n<p>Fecha de \u00faltima modificaci\u00f3n: 28 de octubre de 2024<\/p>\n<p><a href=\"https:\/\/cooprogetti.it\/privacy-policy-2\/\" target=\"_new\" rel=\"noopener\">Visualizar la Pol\u00edtica de Privacidad simplificada<\/a><\/p>\n<p>Este documento fue creado con el <a href=\"https:\/\/www.iubenda.com\/it\/generatore-di-privacy-e-cookie-policy\" target=\"_new\" rel=\"noopener\">Generador de Pol\u00edticas de Privacidad y Cookies de iubenda<\/a>. Tambi\u00e9n puedes explorar el <a href=\"https:\/\/www.iubenda.com\/it\/generatore-termini-e-condizioni\" target=\"_new\" rel=\"noopener\">Generador de T\u00e9rminos y Condiciones<\/a>.<\/p>\n","protected":false},"excerpt":{"rendered":"<p>Pol\u00edtica de Privacidad de cooprogetti.it\/ Esta Aplicaci\u00f3n recoge algunos Datos  [&#8230;]<\/p>\n","protected":false},"author":2,"featured_media":0,"parent":0,"menu_order":0,"comment_status":"closed","ping_status":"closed","template":"","meta":{"footnotes":""},"class_list":["post-9707","page","type-page","status-publish","hentry"],"_links":{"self":[{"href":"https:\/\/cooprogetti.it\/es\/wp-json\/wp\/v2\/pages\/9707","targetHints":{"allow":["GET"]}}],"collection":[{"href":"https:\/\/cooprogetti.it\/es\/wp-json\/wp\/v2\/pages"}],"about":[{"href":"https:\/\/cooprogetti.it\/es\/wp-json\/wp\/v2\/types\/page"}],"author":[{"embeddable":true,"href":"https:\/\/cooprogetti.it\/es\/wp-json\/wp\/v2\/users\/2"}],"replies":[{"embeddable":true,"href":"https:\/\/cooprogetti.it\/es\/wp-json\/wp\/v2\/comments?post=9707"}],"version-history":[{"count":5,"href":"https:\/\/cooprogetti.it\/es\/wp-json\/wp\/v2\/pages\/9707\/revisions"}],"predecessor-version":[{"id":9775,"href":"https:\/\/cooprogetti.it\/es\/wp-json\/wp\/v2\/pages\/9707\/revisions\/9775"}],"wp:attachment":[{"href":"https:\/\/cooprogetti.it\/es\/wp-json\/wp\/v2\/media?parent=9707"}],"curies":[{"name":"wp","href":"https:\/\/api.w.org\/{rel}","templated":true}]}}