{"id":9704,"date":"2024-10-29T10:27:15","date_gmt":"2024-10-29T10:27:15","guid":{"rendered":"https:\/\/cooprogetti.it\/politica-de-privacidad\/"},"modified":"2024-11-07T10:54:09","modified_gmt":"2024-11-07T10:54:09","slug":"politica-de-privacidad","status":"publish","type":"page","link":"https:\/\/cooprogetti.it\/es\/politica-de-privacidad\/","title":{"rendered":"Pol\u00edtica de Privacidad"},"content":{"rendered":"<p>Pol\u00edtica de privacidad de <strong>cooprogetti.it\/<\/strong><\/p>\n<p>Esta Aplicaci\u00f3n recoge algunos Datos Personales de sus Usuarios.<\/p>\n<p><strong>Datos Personales tratados para las siguientes finalidades y utilizando los siguientes servicios<\/strong>:<\/p>\n<p><strong>Visualizaci\u00f3n de contenidos de plataformas externas<br \/>\n<\/strong>Widget de Google Maps &#8211; Datos personales: Herramientas de seguimiento<br \/>\nVimeo Video &#8211; Datos personales: Datos de uso; Herramientas de seguimiento<\/p>\n<p><strong>Estad\u00edsticas<br \/>\n<\/strong>Google Analytics 4 &#8211; Datos personales: Datos de uso; N\u00famero de usuarios; Estad\u00edsticas de sesi\u00f3n; Herramientas de seguimiento<\/p>\n<p><strong>Informaci\u00f3n de contacto<br \/>\n<\/strong>Responsable del tratamiento<br \/>\n<em>Alessandro Placucci<\/em><br \/>\n<em>Cooprogetti Societ\u00e0 Cooperativa<\/em><br \/>\n<em>via Thomas Alva Edison, 5<\/em><br \/>\n<em>06024 Gubbio (PG)<\/em><br \/>\n<em>Direcci\u00f3n de correo electr\u00f3nico del titular: qualita@cooprogetti.it<\/em><\/p>\n<p>\u00daltima modificaci\u00f3n: 28 de octubre de 2024<\/p>\n<p><a href=\"https:\/\/cooprogetti.it\/es\/politica-de-privacidad-completa\/\">Ver la pol\u00edtica de privacidad completa<\/a><\/p>\n","protected":false},"excerpt":{"rendered":"<p>Pol\u00edtica de privacidad de cooprogetti.it\/ Esta Aplicaci\u00f3n recoge algunos Datos  [&#8230;]<\/p>\n","protected":false},"author":2,"featured_media":0,"parent":0,"menu_order":0,"comment_status":"closed","ping_status":"closed","template":"","meta":{"footnotes":""},"class_list":["post-9704","page","type-page","status-publish","hentry"],"_links":{"self":[{"href":"https:\/\/cooprogetti.it\/es\/wp-json\/wp\/v2\/pages\/9704","targetHints":{"allow":["GET"]}}],"collection":[{"href":"https:\/\/cooprogetti.it\/es\/wp-json\/wp\/v2\/pages"}],"about":[{"href":"https:\/\/cooprogetti.it\/es\/wp-json\/wp\/v2\/types\/page"}],"author":[{"embeddable":true,"href":"https:\/\/cooprogetti.it\/es\/wp-json\/wp\/v2\/users\/2"}],"replies":[{"embeddable":true,"href":"https:\/\/cooprogetti.it\/es\/wp-json\/wp\/v2\/comments?post=9704"}],"version-history":[{"count":3,"href":"https:\/\/cooprogetti.it\/es\/wp-json\/wp\/v2\/pages\/9704\/revisions"}],"predecessor-version":[{"id":9768,"href":"https:\/\/cooprogetti.it\/es\/wp-json\/wp\/v2\/pages\/9704\/revisions\/9768"}],"wp:attachment":[{"href":"https:\/\/cooprogetti.it\/es\/wp-json\/wp\/v2\/media?parent=9704"}],"curies":[{"name":"wp","href":"https:\/\/api.w.org\/{rel}","templated":true}]}}