{"id":6503,"date":"2023-06-06T10:37:32","date_gmt":"2023-06-06T10:37:32","guid":{"rendered":"https:\/\/cooprogetti.it\/territorial-and-agronomic-systems\/"},"modified":"2025-02-19T11:56:31","modified_gmt":"2025-02-19T11:56:31","slug":"territorial-and-agronomic-systems","status":"publish","type":"page","link":"https:\/\/cooprogetti.it\/es\/territorial-and-agronomic-systems\/","title":{"rendered":"Territorial and agronomic systems"},"content":{"rendered":"<div class=\"fusion-fullwidth fullwidth-box fusion-builder-row-1 fusion-flex-container nonhundred-percent-fullwidth non-hundred-percent-height-scrolling\" style=\"--awb-border-radius-top-left:0px;--awb-border-radius-top-right:0px;--awb-border-radius-bottom-right:0px;--awb-border-radius-bottom-left:0px;--awb-flex-wrap:wrap;\" ><div class=\"fusion-builder-row fusion-row fusion-flex-align-items-flex-start fusion-flex-content-wrap\" style=\"max-width:1248px;margin-left: calc(-4% \/ 2 );margin-right: calc(-4% \/ 2 );\"><div class=\"fusion-layout-column fusion_builder_column fusion-builder-column-0 fusion_builder_column_1_1 1_1 fusion-flex-column\" style=\"--awb-bg-size:cover;--awb-width-large:100%;--awb-margin-top-large:0px;--awb-spacing-right-large:1.92%;--awb-margin-bottom-large:20px;--awb-spacing-left-large:1.92%;--awb-width-medium:100%;--awb-order-medium:0;--awb-spacing-right-medium:1.92%;--awb-spacing-left-medium:1.92%;--awb-width-small:100%;--awb-order-small:0;--awb-spacing-right-small:1.92%;--awb-spacing-left-small:1.92%;\"><div class=\"fusion-column-wrapper fusion-column-has-shadow fusion-flex-justify-content-flex-start fusion-content-layout-column\"><style type=\"text\/css\">.fusion-portfolio-wrapper#fusion-portfolio-1 .fusion-portfolio-content{  text-align: left; }<\/style><div class=\"fusion-recent-works fusion-portfolio-element fusion-portfolio fusion-portfolio-1 fusion-portfolio-grid fusion-portfolio-paging-pagination fusion-portfolio-three fusion-portfolio-unboxed fusion-portfolio-text fusion-portfolio-rollover\" data-id=\"-rw-1\" data-columns=\"three\"><div><ul class=\"fusion-filters\" role=\"menu\" aria-label=\"Portfolio Filters\"><li role=\"presentation\" class=\"fusion-filter fusion-hidden fusion-active\"><a href=\"#\" data-filter=\".territorial-and-agronomic-systems-es\" role=\"menuitem\">territorial and agronomic systems<\/a><\/li><\/ul><\/div><style type=\"text\/css\">.fusion-portfolio-1 .fusion-portfolio-wrapper .fusion-col-spacing{padding:15px;}<\/style><div class=\"fusion-portfolio-wrapper\" id=\"fusion-portfolio-1\" data-picturesize=\"auto\" data-pages=\"1\" style=\"margin:-15px;\"><article id=\"portfolio-1-post-11815\" class=\"fusion-portfolio-post territorial-and-agronomic-systems-es renewable-energy-es fusion-col-spacing post-11815\"><div class=\"fusion-portfolio-content-wrapper\" style=\"border:none;\"><span class=\"vcard rich-snippet-hidden\"><span class=\"fn\"><a href=\"https:\/\/cooprogetti.it\/es\/author\/t1zi4na\/\" title=\"Entradas de Tiziana Longo\" rel=\"author\">Tiziana Longo<\/a><\/span><\/span><span class=\"updated rich-snippet-hidden\">2025-02-26T07:55:22+00:00<\/span><div  class=\"fusion-image-wrapper\" aria-haspopup=\"true\">\n\t\t\t\t<img decoding=\"async\" width=\"800\" height=\"534\" src=\"https:\/\/cooprogetti.it\/wp-content\/uploads\/2025\/02\/imagine-in-evidenza_Energie.jpg\" class=\"attachment-full size-full wp-post-image\" alt=\"\" srcset=\"https:\/\/cooprogetti.it\/wp-content\/uploads\/2025\/02\/imagine-in-evidenza_Energie-200x134.jpg 200w, https:\/\/cooprogetti.it\/wp-content\/uploads\/2025\/02\/imagine-in-evidenza_Energie-400x267.jpg 400w, https:\/\/cooprogetti.it\/wp-content\/uploads\/2025\/02\/imagine-in-evidenza_Energie-600x401.jpg 600w, https:\/\/cooprogetti.it\/wp-content\/uploads\/2025\/02\/imagine-in-evidenza_Energie.jpg 800w\" sizes=\"(min-width: 2200px) 100vw, (min-width: 784px) 380px, (min-width: 712px) 570px, (min-width: 640px) 712px, \" \/><div class=\"fusion-rollover\">\n\t<div class=\"fusion-rollover-content\">\n\n\t\t\t\t\n\t\t\n\t\t\t\t\t\t\t\t\t\t\t\t<h4 class=\"fusion-rollover-title\">\n\t\t\t\t\t<a class=\"fusion-rollover-title-link\" href=\"https:\/\/cooprogetti.it\/es\/portfolio-items\/energias-renovables\/?portfolioCats=168\">\n\t\t\t\t\t\tEnerg\u00edas renovables\t\t\t\t\t<\/a>\n\t\t\t\t<\/h4>\n\t\t\t\n\t\t\t\t\t\t\t\t\n\t\t\n\t\t\t\t\t\t<a class=\"fusion-link-wrapper\" href=\"https:\/\/cooprogetti.it\/es\/portfolio-items\/energias-renovables\/?portfolioCats=168\" aria-label=\"Energ\u00edas renovables\"><\/a>\n\t<\/div>\n<\/div>\n<\/div>\n<div class=\"fusion-portfolio-content\"><h2 class=\"entry-title fusion-post-title\"><a href=\"https:\/\/cooprogetti.it\/es\/portfolio-items\/energias-renovables\/?portfolioCats=168\">Energ\u00edas renovables<\/a><\/h2><div class=\"fusion-portfolio-meta\"><a href=\"https:\/\/cooprogetti.it\/es\/portfolio_category\/territorial-and-agronomic-systems-es\/\" rel=\"tag\">territorial and agronomic systems<\/a>, <a href=\"https:\/\/cooprogetti.it\/es\/portfolio_category\/renewable-energy-es\/\" rel=\"tag\">renewable energy<\/a><\/div><div class=\"fusion-post-content\"><p> territorial and agronomic systems \/ renewable energy\u00a0\/    [...]<\/p><\/div><\/div><\/div><\/article><article id=\"portfolio-1-post-11749\" class=\"fusion-portfolio-post territorial-and-agronomic-systems-es smart-agriculture-es fusion-col-spacing post-11749\"><div class=\"fusion-portfolio-content-wrapper\" style=\"border:none;\"><span class=\"vcard rich-snippet-hidden\"><span class=\"fn\"><a href=\"https:\/\/cooprogetti.it\/es\/author\/t1zi4na\/\" title=\"Entradas de Tiziana Longo\" rel=\"author\">Tiziana Longo<\/a><\/span><\/span><span class=\"updated rich-snippet-hidden\">2025-02-26T07:53:57+00:00<\/span><div  class=\"fusion-image-wrapper\" aria-haspopup=\"true\">\n\t\t\t\t<img decoding=\"async\" width=\"800\" height=\"534\" src=\"https:\/\/cooprogetti.it\/wp-content\/uploads\/2025\/02\/imagine-in-evidenza_Agronomic_10.jpg\" class=\"attachment-full size-full wp-post-image\" alt=\"\" srcset=\"https:\/\/cooprogetti.it\/wp-content\/uploads\/2025\/02\/imagine-in-evidenza_Agronomic_10-200x134.jpg 200w, https:\/\/cooprogetti.it\/wp-content\/uploads\/2025\/02\/imagine-in-evidenza_Agronomic_10-400x267.jpg 400w, https:\/\/cooprogetti.it\/wp-content\/uploads\/2025\/02\/imagine-in-evidenza_Agronomic_10-600x401.jpg 600w, https:\/\/cooprogetti.it\/wp-content\/uploads\/2025\/02\/imagine-in-evidenza_Agronomic_10.jpg 800w\" sizes=\"(min-width: 2200px) 100vw, (min-width: 784px) 380px, (min-width: 712px) 570px, (min-width: 640px) 712px, \" \/><div class=\"fusion-rollover\">\n\t<div class=\"fusion-rollover-content\">\n\n\t\t\t\t\n\t\t\n\t\t\t\t\t\t\t\t\t\t\t\t<h4 class=\"fusion-rollover-title\">\n\t\t\t\t\t<a class=\"fusion-rollover-title-link\" href=\"https:\/\/cooprogetti.it\/es\/portfolio-items\/agricultura-inteligente\/?portfolioCats=168\">\n\t\t\t\t\t\tAgricultura inteligente\t\t\t\t\t<\/a>\n\t\t\t\t<\/h4>\n\t\t\t\n\t\t\t\t\t\t\t\t\n\t\t\n\t\t\t\t\t\t<a class=\"fusion-link-wrapper\" href=\"https:\/\/cooprogetti.it\/es\/portfolio-items\/agricultura-inteligente\/?portfolioCats=168\" aria-label=\"Agricultura inteligente\"><\/a>\n\t<\/div>\n<\/div>\n<\/div>\n<div class=\"fusion-portfolio-content\"><h2 class=\"entry-title fusion-post-title\"><a href=\"https:\/\/cooprogetti.it\/es\/portfolio-items\/agricultura-inteligente\/?portfolioCats=168\">Agricultura inteligente<\/a><\/h2><div class=\"fusion-portfolio-meta\"><a href=\"https:\/\/cooprogetti.it\/es\/portfolio_category\/territorial-and-agronomic-systems-es\/\" rel=\"tag\">territorial and agronomic systems<\/a>, <a href=\"https:\/\/cooprogetti.it\/es\/portfolio_category\/smart-agriculture-es\/\" rel=\"tag\">smart agriculture<\/a><\/div><div class=\"fusion-post-content\"><p> territorial and agronomic systems \/ smart agriculture\u00a0\/    [...]<\/p><\/div><\/div><\/div><\/article><article id=\"portfolio-1-post-11640\" class=\"fusion-portfolio-post territorial-and-agronomic-systems-es gis-geographic-information-system-es fusion-col-spacing post-11640\"><div class=\"fusion-portfolio-content-wrapper\" style=\"border:none;\"><span class=\"vcard rich-snippet-hidden\"><span class=\"fn\"><a href=\"https:\/\/cooprogetti.it\/es\/author\/t1zi4na\/\" title=\"Entradas de Tiziana Longo\" rel=\"author\">Tiziana Longo<\/a><\/span><\/span><span class=\"updated rich-snippet-hidden\">2025-02-25T14:22:08+00:00<\/span><div  class=\"fusion-image-wrapper\" aria-haspopup=\"true\">\n\t\t\t\t<img decoding=\"async\" width=\"800\" height=\"534\" src=\"https:\/\/cooprogetti.it\/wp-content\/uploads\/2025\/02\/imagine-in-evidenza_Agronomic_02.jpg\" class=\"attachment-full size-full wp-post-image\" alt=\"\" srcset=\"https:\/\/cooprogetti.it\/wp-content\/uploads\/2025\/02\/imagine-in-evidenza_Agronomic_02-200x134.jpg 200w, https:\/\/cooprogetti.it\/wp-content\/uploads\/2025\/02\/imagine-in-evidenza_Agronomic_02-400x267.jpg 400w, https:\/\/cooprogetti.it\/wp-content\/uploads\/2025\/02\/imagine-in-evidenza_Agronomic_02-600x401.jpg 600w, https:\/\/cooprogetti.it\/wp-content\/uploads\/2025\/02\/imagine-in-evidenza_Agronomic_02.jpg 800w\" sizes=\"(min-width: 2200px) 100vw, (min-width: 784px) 380px, (min-width: 712px) 570px, (min-width: 640px) 712px, \" \/><div class=\"fusion-rollover\">\n\t<div class=\"fusion-rollover-content\">\n\n\t\t\t\t\n\t\t\n\t\t\t\t\t\t\t\t\t\t\t\t<h4 class=\"fusion-rollover-title\">\n\t\t\t\t\t<a class=\"fusion-rollover-title-link\" href=\"https:\/\/cooprogetti.it\/es\/portfolio-items\/sistemas-de-informacion-geografica-sig\/?portfolioCats=168\">\n\t\t\t\t\t\tSistemas de Informaci\u00f3n Geogr\u00e1fica (SIG)\t\t\t\t\t<\/a>\n\t\t\t\t<\/h4>\n\t\t\t\n\t\t\t\t\t\t\t\t\n\t\t\n\t\t\t\t\t\t<a class=\"fusion-link-wrapper\" href=\"https:\/\/cooprogetti.it\/es\/portfolio-items\/sistemas-de-informacion-geografica-sig\/?portfolioCats=168\" aria-label=\"Sistemas de Informaci\u00f3n Geogr\u00e1fica (SIG)\"><\/a>\n\t<\/div>\n<\/div>\n<\/div>\n<div class=\"fusion-portfolio-content\"><h2 class=\"entry-title fusion-post-title\"><a href=\"https:\/\/cooprogetti.it\/es\/portfolio-items\/sistemas-de-informacion-geografica-sig\/?portfolioCats=168\">Sistemas de Informaci\u00f3n Geogr\u00e1fica (SIG)<\/a><\/h2><div class=\"fusion-portfolio-meta\"><a href=\"https:\/\/cooprogetti.it\/es\/portfolio_category\/territorial-and-agronomic-systems-es\/\" rel=\"tag\">territorial and agronomic systems<\/a>, <a href=\"https:\/\/cooprogetti.it\/es\/portfolio_category\/gis-geographic-information-system-es\/\" rel=\"tag\">GIS - geographic information system<\/a><\/div><div class=\"fusion-post-content\"><p> territorial and agronomic systems \/ GIS - geographic information  [...]<\/p><\/div><\/div><\/div><\/article><article id=\"portfolio-1-post-11581\" class=\"fusion-portfolio-post territorial-and-agronomic-systems-es technical-assistance-es fusion-col-spacing post-11581\"><div class=\"fusion-portfolio-content-wrapper\" style=\"border:none;\"><span class=\"vcard rich-snippet-hidden\"><span class=\"fn\"><a href=\"https:\/\/cooprogetti.it\/es\/author\/t1zi4na\/\" title=\"Entradas de Tiziana Longo\" rel=\"author\">Tiziana Longo<\/a><\/span><\/span><span class=\"updated rich-snippet-hidden\">2025-02-26T07:59:45+00:00<\/span><div  class=\"fusion-image-wrapper\" aria-haspopup=\"true\">\n\t\t\t\t<img decoding=\"async\" width=\"800\" height=\"534\" src=\"https:\/\/cooprogetti.it\/wp-content\/uploads\/2025\/02\/imagine-in-evidenza_pa.jpg\" class=\"attachment-full size-full wp-post-image\" alt=\"\" srcset=\"https:\/\/cooprogetti.it\/wp-content\/uploads\/2025\/02\/imagine-in-evidenza_pa-200x134.jpg 200w, https:\/\/cooprogetti.it\/wp-content\/uploads\/2025\/02\/imagine-in-evidenza_pa-400x267.jpg 400w, https:\/\/cooprogetti.it\/wp-content\/uploads\/2025\/02\/imagine-in-evidenza_pa-600x401.jpg 600w, https:\/\/cooprogetti.it\/wp-content\/uploads\/2025\/02\/imagine-in-evidenza_pa.jpg 800w\" sizes=\"(min-width: 2200px) 100vw, (min-width: 784px) 380px, (min-width: 712px) 570px, (min-width: 640px) 712px, \" \/><div class=\"fusion-rollover\">\n\t<div class=\"fusion-rollover-content\">\n\n\t\t\t\t\n\t\t\n\t\t\t\t\t\t\t\t\t\t\t\t<h4 class=\"fusion-rollover-title\">\n\t\t\t\t\t<a class=\"fusion-rollover-title-link\" href=\"https:\/\/cooprogetti.it\/es\/portfolio-items\/asistencia-tecnica-a-la-administracion-publica\/?portfolioCats=168\">\n\t\t\t\t\t\tAsistencia t\u00e9cnica a la Administraci\u00f3n P\u00fablica\t\t\t\t\t<\/a>\n\t\t\t\t<\/h4>\n\t\t\t\n\t\t\t\t\t\t\t\t\n\t\t\n\t\t\t\t\t\t<a class=\"fusion-link-wrapper\" href=\"https:\/\/cooprogetti.it\/es\/portfolio-items\/asistencia-tecnica-a-la-administracion-publica\/?portfolioCats=168\" aria-label=\"Asistencia t\u00e9cnica a la Administraci\u00f3n P\u00fablica\"><\/a>\n\t<\/div>\n<\/div>\n<\/div>\n<div class=\"fusion-portfolio-content\"><h2 class=\"entry-title fusion-post-title\"><a href=\"https:\/\/cooprogetti.it\/es\/portfolio-items\/asistencia-tecnica-a-la-administracion-publica\/?portfolioCats=168\">Asistencia t\u00e9cnica a la Administraci\u00f3n P\u00fablica<\/a><\/h2><div class=\"fusion-portfolio-meta\"><a href=\"https:\/\/cooprogetti.it\/es\/portfolio_category\/territorial-and-agronomic-systems-es\/\" rel=\"tag\">territorial and agronomic systems<\/a>, <a href=\"https:\/\/cooprogetti.it\/es\/portfolio_category\/technical-assistance-es\/\" rel=\"tag\">technical assistance<\/a><\/div><div class=\"fusion-post-content\"><p> territorial and agronomic systems\u00a0\/\u00a0technical assistance\u00a0\/      [...]<\/p><\/div><\/div><\/div><\/article><article id=\"portfolio-1-post-11509\" class=\"fusion-portfolio-post territorial-and-agronomic-systems-es controls-in-agriculture-es fusion-col-spacing post-11509\"><div class=\"fusion-portfolio-content-wrapper\" style=\"border:none;\"><span class=\"vcard rich-snippet-hidden\"><span class=\"fn\"><a href=\"https:\/\/cooprogetti.it\/es\/author\/t1zi4na\/\" title=\"Entradas de Tiziana Longo\" rel=\"author\">Tiziana Longo<\/a><\/span><\/span><span class=\"updated rich-snippet-hidden\">2025-02-26T07:58:04+00:00<\/span><div  class=\"fusion-image-wrapper\" aria-haspopup=\"true\">\n\t\t\t\t<img decoding=\"async\" width=\"800\" height=\"534\" src=\"https:\/\/cooprogetti.it\/wp-content\/uploads\/2025\/02\/imagine-in-evidenza_Agronomic.jpg\" class=\"attachment-full size-full wp-post-image\" alt=\"\" srcset=\"https:\/\/cooprogetti.it\/wp-content\/uploads\/2025\/02\/imagine-in-evidenza_Agronomic-200x134.jpg 200w, https:\/\/cooprogetti.it\/wp-content\/uploads\/2025\/02\/imagine-in-evidenza_Agronomic-400x267.jpg 400w, https:\/\/cooprogetti.it\/wp-content\/uploads\/2025\/02\/imagine-in-evidenza_Agronomic-600x401.jpg 600w, https:\/\/cooprogetti.it\/wp-content\/uploads\/2025\/02\/imagine-in-evidenza_Agronomic.jpg 800w\" sizes=\"(min-width: 2200px) 100vw, (min-width: 784px) 380px, (min-width: 712px) 570px, (min-width: 640px) 712px, \" \/><div class=\"fusion-rollover\">\n\t<div class=\"fusion-rollover-content\">\n\n\t\t\t\t\n\t\t\n\t\t\t\t\t\t\t\t\t\t\t\t<h4 class=\"fusion-rollover-title\">\n\t\t\t\t\t<a class=\"fusion-rollover-title-link\" href=\"https:\/\/cooprogetti.it\/es\/portfolio-items\/controles-en-la-agricultura\/?portfolioCats=168\">\n\t\t\t\t\t\tControles en la agricultura\t\t\t\t\t<\/a>\n\t\t\t\t<\/h4>\n\t\t\t\n\t\t\t\t\t\t\t\t\n\t\t\n\t\t\t\t\t\t<a class=\"fusion-link-wrapper\" href=\"https:\/\/cooprogetti.it\/es\/portfolio-items\/controles-en-la-agricultura\/?portfolioCats=168\" aria-label=\"Controles en la agricultura\"><\/a>\n\t<\/div>\n<\/div>\n<\/div>\n<div class=\"fusion-portfolio-content\"><h2 class=\"entry-title fusion-post-title\"><a href=\"https:\/\/cooprogetti.it\/es\/portfolio-items\/controles-en-la-agricultura\/?portfolioCats=168\">Controles en la agricultura<\/a><\/h2><div class=\"fusion-portfolio-meta\"><a href=\"https:\/\/cooprogetti.it\/es\/portfolio_category\/territorial-and-agronomic-systems-es\/\" rel=\"tag\">territorial and agronomic systems<\/a>, <a href=\"https:\/\/cooprogetti.it\/es\/portfolio_category\/controls-in-agriculture-es\/\" rel=\"tag\">controls in agriculture<\/a><\/div><div class=\"fusion-post-content\"><p> territorial and agronomic systems\u00a0\/\u00a0controls in agriculture\u00a0\/     [...]<\/p><\/div><\/div><\/div><\/article><\/div><\/div><\/div><\/div><\/div><\/div>\n","protected":false},"excerpt":{"rendered":"","protected":false},"author":2,"featured_media":0,"parent":0,"menu_order":0,"comment_status":"closed","ping_status":"closed","template":"","meta":{"footnotes":""},"class_list":["post-6503","page","type-page","status-publish","hentry"],"_links":{"self":[{"href":"https:\/\/cooprogetti.it\/es\/wp-json\/wp\/v2\/pages\/6503","targetHints":{"allow":["GET"]}}],"collection":[{"href":"https:\/\/cooprogetti.it\/es\/wp-json\/wp\/v2\/pages"}],"about":[{"href":"https:\/\/cooprogetti.it\/es\/wp-json\/wp\/v2\/types\/page"}],"author":[{"embeddable":true,"href":"https:\/\/cooprogetti.it\/es\/wp-json\/wp\/v2\/users\/2"}],"replies":[{"embeddable":true,"href":"https:\/\/cooprogetti.it\/es\/wp-json\/wp\/v2\/comments?post=6503"}],"version-history":[{"count":4,"href":"https:\/\/cooprogetti.it\/es\/wp-json\/wp\/v2\/pages\/6503\/revisions"}],"predecessor-version":[{"id":11285,"href":"https:\/\/cooprogetti.it\/es\/wp-json\/wp\/v2\/pages\/6503\/revisions\/11285"}],"wp:attachment":[{"href":"https:\/\/cooprogetti.it\/es\/wp-json\/wp\/v2\/media?parent=6503"}],"curies":[{"name":"wp","href":"https:\/\/api.w.org\/{rel}","templated":true}]}}