{"id":6453,"date":"2022-07-21T10:59:18","date_gmt":"2022-07-21T10:59:18","guid":{"rendered":"https:\/\/cooprogetti.it\/news\/"},"modified":"2023-11-28T16:44:49","modified_gmt":"2023-11-28T16:44:49","slug":"news","status":"publish","type":"page","link":"https:\/\/cooprogetti.it\/es\/news\/","title":{"rendered":"News"},"content":{"rendered":"<div class=\"fusion-fullwidth fullwidth-box fusion-builder-row-1 fusion-flex-container nonhundred-percent-fullwidth non-hundred-percent-height-scrolling\" style=\"--awb-border-radius-top-left:0px;--awb-border-radius-top-right:0px;--awb-border-radius-bottom-right:0px;--awb-border-radius-bottom-left:0px;--awb-flex-wrap:wrap;\" ><div class=\"fusion-builder-row fusion-row fusion-flex-align-items-flex-start fusion-flex-content-wrap\" style=\"max-width:1248px;margin-left: calc(-4% \/ 2 );margin-right: calc(-4% \/ 2 );\"><div class=\"fusion-layout-column fusion_builder_column fusion-builder-column-0 fusion_builder_column_1_1 1_1 fusion-flex-column\" style=\"--awb-bg-size:cover;--awb-width-large:100%;--awb-margin-top-large:0px;--awb-spacing-right-large:1.92%;--awb-margin-bottom-large:20px;--awb-spacing-left-large:1.92%;--awb-width-medium:100%;--awb-order-medium:0;--awb-spacing-right-medium:1.92%;--awb-spacing-left-medium:1.92%;--awb-width-small:100%;--awb-order-small:0;--awb-spacing-right-small:1.92%;--awb-spacing-left-small:1.92%;\"><div class=\"fusion-column-wrapper fusion-column-has-shadow fusion-flex-justify-content-flex-start fusion-content-layout-column\"><div class=\"fusion-recent-posts fusion-recent-posts-1 avada-container layout-default layout-columns-3\"><section class=\"fusion-columns columns fusion-columns-3 columns-3\"><article class=\"post fusion-column column col col-lg-4 col-md-4 col-sm-4\"><div class=\"fusion-flexslider fusion-flexslider-loading flexslider flexslider-hover-type-none\"><ul class=\"slides\"><li><a href=\"https:\/\/cooprogetti.it\/es\/dia-de-la-tierra-2\/\" aria-label=\"D\u00eda de la Tierra\" class=\"hover-type-none\"><img decoding=\"async\" width=\"700\" height=\"441\" src=\"https:\/\/cooprogetti.it\/wp-content\/uploads\/2026\/04\/Terra-700x441.jpeg\" class=\"attachment-recent-posts size-recent-posts\" alt=\"\" srcset=\"https:\/\/cooprogetti.it\/wp-content\/uploads\/2026\/04\/Terra-320x202.jpeg 320w, https:\/\/cooprogetti.it\/wp-content\/uploads\/2026\/04\/Terra-700x441.jpeg 700w\" sizes=\"(max-width: 700px) 100vw, 700px\" \/><\/a><\/li><\/ul><\/div><div class=\"recent-posts-content\"><span class=\"vcard\" style=\"display: none;\"><span class=\"fn\"><a href=\"https:\/\/cooprogetti.it\/es\/author\/t1zi4na\/\" title=\"Entradas de Tiziana Longo\" rel=\"author\">Tiziana Longo<\/a><\/span><\/span><span class=\"updated\" style=\"display:none;\">2026-04-22T10:18:13+00:00<\/span><h4 class=\"entry-title\"><a href=\"https:\/\/cooprogetti.it\/es\/dia-de-la-tierra-2\/\">D\u00eda de la Tierra<\/a><\/h4><p class=\"meta\"><span class=\"vcard\" style=\"display: none;\"><span class=\"fn\"><a href=\"https:\/\/cooprogetti.it\/es\/author\/t1zi4na\/\" title=\"Entradas de Tiziana Longo\" rel=\"author\">Tiziana Longo<\/a><\/span><\/span><span class=\"updated\" style=\"display:none;\">2026-04-22T10:18:13+00:00<\/span><span>22 de abril de 2026<\/span><span class=\"fusion-inline-sep\">|<\/span><\/p><p>La Tierra es un lugar hermoso y merece ser protegida con cuidado.<\/p><\/div><\/article><article class=\"post fusion-column column col col-lg-4 col-md-4 col-sm-4\"><div class=\"fusion-flexslider fusion-flexslider-loading flexslider flexslider-hover-type-none\"><ul class=\"slides\"><li><a href=\"https:\/\/cooprogetti.it\/es\/taller-steam-sobre-obras-publicas-herramientas-operativas-para-jovenes-profesionales\/\" aria-label=\"Taller STEAM sobre Obras P\u00fablicas: herramientas operativas para j\u00f3venes profesionales\" class=\"hover-type-none\"><img decoding=\"async\" width=\"700\" height=\"441\" src=\"https:\/\/cooprogetti.it\/wp-content\/uploads\/2026\/04\/AIDIA-700x441.jpeg\" class=\"attachment-recent-posts size-recent-posts\" alt=\"\" srcset=\"https:\/\/cooprogetti.it\/wp-content\/uploads\/2026\/04\/AIDIA-320x202.jpeg 320w, https:\/\/cooprogetti.it\/wp-content\/uploads\/2026\/04\/AIDIA-700x441.jpeg 700w\" sizes=\"(max-width: 700px) 100vw, 700px\" \/><\/a><\/li><li><a href=\"https:\/\/cooprogetti.it\/es\/taller-steam-sobre-obras-publicas-herramientas-operativas-para-jovenes-profesionales\/\" aria-label=\"Taller STEAM sobre Obras P\u00fablicas: herramientas operativas para j\u00f3venes profesionales\" class=\"hover-type-none\"><img decoding=\"async\" width=\"700\" height=\"441\" src=\"https:\/\/cooprogetti.it\/wp-content\/uploads\/2026\/04\/AIDIA_03-700x441.jpeg\" class=\"attachment-recent-posts size-recent-posts\" alt=\"\" srcset=\"https:\/\/cooprogetti.it\/wp-content\/uploads\/2026\/04\/AIDIA_03-320x202.jpeg 320w, https:\/\/cooprogetti.it\/wp-content\/uploads\/2026\/04\/AIDIA_03-700x441.jpeg 700w\" sizes=\"(max-width: 700px) 100vw, 700px\" \/><\/a><\/li><li><a href=\"https:\/\/cooprogetti.it\/es\/taller-steam-sobre-obras-publicas-herramientas-operativas-para-jovenes-profesionales\/\" aria-label=\"Taller STEAM sobre Obras P\u00fablicas: herramientas operativas para j\u00f3venes profesionales\" class=\"hover-type-none\"><img decoding=\"async\" width=\"700\" height=\"441\" src=\"https:\/\/cooprogetti.it\/wp-content\/uploads\/2026\/04\/AIDIA_01-700x441.jpeg\" class=\"attachment-recent-posts size-recent-posts\" alt=\"\" srcset=\"https:\/\/cooprogetti.it\/wp-content\/uploads\/2026\/04\/AIDIA_01-320x202.jpeg 320w, https:\/\/cooprogetti.it\/wp-content\/uploads\/2026\/04\/AIDIA_01-700x441.jpeg 700w\" sizes=\"(max-width: 700px) 100vw, 700px\" \/><\/a><\/li><\/ul><\/div><div class=\"recent-posts-content\"><span class=\"vcard\" style=\"display: none;\"><span class=\"fn\"><a href=\"https:\/\/cooprogetti.it\/es\/author\/t1zi4na\/\" title=\"Entradas de Tiziana Longo\" rel=\"author\">Tiziana Longo<\/a><\/span><\/span><span class=\"updated\" style=\"display:none;\">2026-04-20T09:11:12+00:00<\/span><h4 class=\"entry-title\"><a href=\"https:\/\/cooprogetti.it\/es\/taller-steam-sobre-obras-publicas-herramientas-operativas-para-jovenes-profesionales\/\">Taller STEAM sobre Obras P\u00fablicas: herramientas operativas para j\u00f3venes profesionales<\/a><\/h4><p class=\"meta\"><span class=\"vcard\" style=\"display: none;\"><span class=\"fn\"><a href=\"https:\/\/cooprogetti.it\/es\/author\/t1zi4na\/\" title=\"Entradas de Tiziana Longo\" rel=\"author\">Tiziana Longo<\/a><\/span><\/span><span class=\"updated\" style=\"display:none;\">2026-04-20T09:11:12+00:00<\/span><span>20 de abril de 2026<\/span><span class=\"fusion-inline-sep\">|<\/span><\/p><p>En el marco del ciclo de talleres t\u00e9cnicos STEAM promovidos por AIDIA Reggio Calabria, el 17 de abril de 2026 se llev\u00f3 a cabo en el Departamento DGIES (Derecho, Econom\u00eda y Ciencias Humanas \u2013 Universidad [...]<\/p><\/div><\/article><article class=\"post fusion-column column col col-lg-4 col-md-4 col-sm-4\"><div class=\"fusion-flexslider fusion-flexslider-loading flexslider flexslider-hover-type-none\"><ul class=\"slides\"><li><a href=\"https:\/\/cooprogetti.it\/es\/cooprogetti-para-el-futuro-apoyo-a-la-creatividad-de-los-mas-pequenos\/\" aria-label=\"Cooprogetti para el Futuro: apoyo a la creatividad de los m\u00e1s peque\u00f1os\" class=\"hover-type-none\"><img decoding=\"async\" width=\"700\" height=\"441\" src=\"https:\/\/cooprogetti.it\/wp-content\/uploads\/2026\/04\/Art-700x441.jpg\" class=\"attachment-recent-posts size-recent-posts\" alt=\"\" srcset=\"https:\/\/cooprogetti.it\/wp-content\/uploads\/2026\/04\/Art-320x202.jpg 320w, https:\/\/cooprogetti.it\/wp-content\/uploads\/2026\/04\/Art-700x441.jpg 700w\" sizes=\"(max-width: 700px) 100vw, 700px\" \/><\/a><\/li><\/ul><\/div><div class=\"recent-posts-content\"><span class=\"vcard\" style=\"display: none;\"><span class=\"fn\"><a href=\"https:\/\/cooprogetti.it\/es\/author\/t1zi4na\/\" title=\"Entradas de Tiziana Longo\" rel=\"author\">Tiziana Longo<\/a><\/span><\/span><span class=\"updated\" style=\"display:none;\">2026-04-13T14:51:04+00:00<\/span><h4 class=\"entry-title\"><a href=\"https:\/\/cooprogetti.it\/es\/cooprogetti-para-el-futuro-apoyo-a-la-creatividad-de-los-mas-pequenos\/\">Cooprogetti para el Futuro: apoyo a la creatividad de los m\u00e1s peque\u00f1os<\/a><\/h4><p class=\"meta\"><span class=\"vcard\" style=\"display: none;\"><span class=\"fn\"><a href=\"https:\/\/cooprogetti.it\/es\/author\/t1zi4na\/\" title=\"Entradas de Tiziana Longo\" rel=\"author\">Tiziana Longo<\/a><\/span><\/span><span class=\"updated\" style=\"display:none;\">2026-04-13T14:51:04+00:00<\/span><span>13 de abril de 2026<\/span><span class=\"fusion-inline-sep\">|<\/span><\/p><p>Cooprogetti cree firmemente que el desarrollo de un territorio pasa por el apoyo a la cultura y la transmisi\u00f3n del saber artesanal a las nuevas generaciones. Por ello apoya el Arts &amp; Crafts Summer Camp, [...]<\/p><\/div><\/article><article class=\"post fusion-column column col col-lg-4 col-md-4 col-sm-4\"><div class=\"fusion-flexslider fusion-flexslider-loading flexslider flexslider-hover-type-none\"><ul class=\"slides\"><li><a href=\"https:\/\/cooprogetti.it\/es\/cooprogetti-renueva-su-apoyo-a-reggio-bic-con-motivo-de-la-eurocup-2\/\" aria-label=\"Cooprogetti renueva su apoyo a Reggio BIC con motivo de la EuroCup 2\" class=\"hover-type-none\"><img decoding=\"async\" width=\"700\" height=\"441\" src=\"https:\/\/cooprogetti.it\/wp-content\/uploads\/2026\/04\/EUROCUP_01-700x441.jpg\" class=\"attachment-recent-posts size-recent-posts\" alt=\"\" srcset=\"https:\/\/cooprogetti.it\/wp-content\/uploads\/2026\/04\/EUROCUP_01-320x202.jpg 320w, https:\/\/cooprogetti.it\/wp-content\/uploads\/2026\/04\/EUROCUP_01-700x441.jpg 700w\" sizes=\"(max-width: 700px) 100vw, 700px\" \/><\/a><\/li><li><a href=\"https:\/\/cooprogetti.it\/es\/cooprogetti-renueva-su-apoyo-a-reggio-bic-con-motivo-de-la-eurocup-2\/\" aria-label=\"Cooprogetti renueva su apoyo a Reggio BIC con motivo de la EuroCup 2\" class=\"hover-type-none\"><img decoding=\"async\" width=\"700\" height=\"441\" src=\"https:\/\/cooprogetti.it\/wp-content\/uploads\/2026\/04\/EUROCUP_02-700x441.jpg\" class=\"attachment-recent-posts size-recent-posts\" alt=\"\" srcset=\"https:\/\/cooprogetti.it\/wp-content\/uploads\/2026\/04\/EUROCUP_02-320x202.jpg 320w, https:\/\/cooprogetti.it\/wp-content\/uploads\/2026\/04\/EUROCUP_02-700x441.jpg 700w\" sizes=\"(max-width: 700px) 100vw, 700px\" \/><\/a><\/li><li><a href=\"https:\/\/cooprogetti.it\/es\/cooprogetti-renueva-su-apoyo-a-reggio-bic-con-motivo-de-la-eurocup-2\/\" aria-label=\"Cooprogetti renueva su apoyo a Reggio BIC con motivo de la EuroCup 2\" class=\"hover-type-none\"><img decoding=\"async\" width=\"700\" height=\"441\" src=\"https:\/\/cooprogetti.it\/wp-content\/uploads\/2026\/04\/EUROCUP-700x441.jpg\" class=\"attachment-recent-posts size-recent-posts\" alt=\"\" srcset=\"https:\/\/cooprogetti.it\/wp-content\/uploads\/2026\/04\/EUROCUP-320x202.jpg 320w, https:\/\/cooprogetti.it\/wp-content\/uploads\/2026\/04\/EUROCUP-700x441.jpg 700w\" sizes=\"(max-width: 700px) 100vw, 700px\" \/><\/a><\/li><li><a href=\"https:\/\/cooprogetti.it\/es\/cooprogetti-renueva-su-apoyo-a-reggio-bic-con-motivo-de-la-eurocup-2\/\" aria-label=\"Cooprogetti renueva su apoyo a Reggio BIC con motivo de la EuroCup 2\" class=\"hover-type-none\"><img decoding=\"async\" width=\"700\" height=\"441\" src=\"https:\/\/cooprogetti.it\/wp-content\/uploads\/2026\/04\/WhatsApp-Image-2026-04-09-at-14.58.28-700x441.jpeg\" class=\"attachment-recent-posts size-recent-posts\" alt=\"\" srcset=\"https:\/\/cooprogetti.it\/wp-content\/uploads\/2026\/04\/WhatsApp-Image-2026-04-09-at-14.58.28-320x202.jpeg 320w, https:\/\/cooprogetti.it\/wp-content\/uploads\/2026\/04\/WhatsApp-Image-2026-04-09-at-14.58.28-700x441.jpeg 700w\" sizes=\"(max-width: 700px) 100vw, 700px\" \/><\/a><\/li><li><a href=\"https:\/\/cooprogetti.it\/es\/cooprogetti-renueva-su-apoyo-a-reggio-bic-con-motivo-de-la-eurocup-2\/\" aria-label=\"Cooprogetti renueva su apoyo a Reggio BIC con motivo de la EuroCup 2\" class=\"hover-type-none\"><img decoding=\"async\" width=\"700\" height=\"441\" src=\"https:\/\/cooprogetti.it\/wp-content\/uploads\/2026\/04\/WhatsApp-Image-2026-04-09-at-14.58.28-2-700x441.jpeg\" class=\"attachment-recent-posts size-recent-posts\" alt=\"\" srcset=\"https:\/\/cooprogetti.it\/wp-content\/uploads\/2026\/04\/WhatsApp-Image-2026-04-09-at-14.58.28-2-320x202.jpeg 320w, https:\/\/cooprogetti.it\/wp-content\/uploads\/2026\/04\/WhatsApp-Image-2026-04-09-at-14.58.28-2-700x441.jpeg 700w\" sizes=\"(max-width: 700px) 100vw, 700px\" \/><\/a><\/li><li><a href=\"https:\/\/cooprogetti.it\/es\/cooprogetti-renueva-su-apoyo-a-reggio-bic-con-motivo-de-la-eurocup-2\/\" aria-label=\"Cooprogetti renueva su apoyo a Reggio BIC con motivo de la EuroCup 2\" class=\"hover-type-none\"><img decoding=\"async\" width=\"700\" height=\"441\" src=\"https:\/\/cooprogetti.it\/wp-content\/uploads\/2026\/04\/WhatsApp-Image-2026-04-09-at-14.58.28-1-700x441.jpeg\" class=\"attachment-recent-posts size-recent-posts\" alt=\"\" srcset=\"https:\/\/cooprogetti.it\/wp-content\/uploads\/2026\/04\/WhatsApp-Image-2026-04-09-at-14.58.28-1-320x202.jpeg 320w, https:\/\/cooprogetti.it\/wp-content\/uploads\/2026\/04\/WhatsApp-Image-2026-04-09-at-14.58.28-1-700x441.jpeg 700w\" sizes=\"(max-width: 700px) 100vw, 700px\" \/><\/a><\/li><\/ul><\/div><div class=\"recent-posts-content\"><span class=\"vcard\" style=\"display: none;\"><span class=\"fn\"><a href=\"https:\/\/cooprogetti.it\/es\/author\/t1zi4na\/\" title=\"Entradas de Tiziana Longo\" rel=\"author\">Tiziana Longo<\/a><\/span><\/span><span class=\"updated\" style=\"display:none;\">2026-04-09T13:10:11+00:00<\/span><h4 class=\"entry-title\"><a href=\"https:\/\/cooprogetti.it\/es\/cooprogetti-renueva-su-apoyo-a-reggio-bic-con-motivo-de-la-eurocup-2\/\">Cooprogetti renueva su apoyo a Reggio BIC con motivo de la EuroCup 2<\/a><\/h4><p class=\"meta\"><span class=\"vcard\" style=\"display: none;\"><span class=\"fn\"><a href=\"https:\/\/cooprogetti.it\/es\/author\/t1zi4na\/\" title=\"Entradas de Tiziana Longo\" rel=\"author\">Tiziana Longo<\/a><\/span><\/span><span class=\"updated\" style=\"display:none;\">2026-04-09T13:10:11+00:00<\/span><span>9 de abril de 2026<\/span><span class=\"fusion-inline-sep\">|<\/span><\/p><p>Hoy en Reggio Calabria, en el PalaCalafiore, se celebr\u00f3 la rueda de prensa de presentaci\u00f3n de las Final Eight de la EuroCup 2, previstas del 23 al 26 de abril: un evento de gran relevancia [...]<\/p><\/div><\/article><article class=\"post fusion-column column col col-lg-4 col-md-4 col-sm-4\"><div class=\"fusion-flexslider fusion-flexslider-loading flexslider flexslider-hover-type-none\"><ul class=\"slides\"><li><a href=\"https:\/\/cooprogetti.it\/es\/nueva-sede-de-la-biblioteca-nacional-de-arqueologia-e-historia-del-arte-de-roma-evolucion-del-proyecto\/\" aria-label=\"Nueva sede de la Biblioteca Nacional de Arqueolog\u00eda e Historia del Arte de Roma &#8211; evoluci\u00f3n del proyecto\" class=\"hover-type-none\"><img decoding=\"async\" width=\"700\" height=\"441\" src=\"https:\/\/cooprogetti.it\/wp-content\/uploads\/2026\/04\/1_Nuova-sede-della-Biblioteca-Nazionale-di-Archeologia-e-Storia-dellArte-di-Romajpeg-700x441.jpeg\" class=\"attachment-recent-posts size-recent-posts\" alt=\"\" srcset=\"https:\/\/cooprogetti.it\/wp-content\/uploads\/2026\/04\/1_Nuova-sede-della-Biblioteca-Nazionale-di-Archeologia-e-Storia-dellArte-di-Romajpeg-320x202.jpeg 320w, https:\/\/cooprogetti.it\/wp-content\/uploads\/2026\/04\/1_Nuova-sede-della-Biblioteca-Nazionale-di-Archeologia-e-Storia-dellArte-di-Romajpeg-700x441.jpeg 700w\" sizes=\"(max-width: 700px) 100vw, 700px\" \/><\/a><\/li><li><a href=\"https:\/\/cooprogetti.it\/es\/nueva-sede-de-la-biblioteca-nacional-de-arqueologia-e-historia-del-arte-de-roma-evolucion-del-proyecto\/\" aria-label=\"Nueva sede de la Biblioteca Nacional de Arqueolog\u00eda e Historia del Arte de Roma &#8211; evoluci\u00f3n del proyecto\" class=\"hover-type-none\"><img decoding=\"async\" width=\"700\" height=\"441\" src=\"https:\/\/cooprogetti.it\/wp-content\/uploads\/2026\/04\/2_Nuova-sede-della-Biblioteca-Nazionale-di-Archeologia-e-Storia-dellArte-di-Roma-700x441.jpeg\" class=\"attachment-recent-posts size-recent-posts\" alt=\"\" srcset=\"https:\/\/cooprogetti.it\/wp-content\/uploads\/2026\/04\/2_Nuova-sede-della-Biblioteca-Nazionale-di-Archeologia-e-Storia-dellArte-di-Roma-320x202.jpeg 320w, https:\/\/cooprogetti.it\/wp-content\/uploads\/2026\/04\/2_Nuova-sede-della-Biblioteca-Nazionale-di-Archeologia-e-Storia-dellArte-di-Roma-700x441.jpeg 700w\" sizes=\"(max-width: 700px) 100vw, 700px\" \/><\/a><\/li><li><a href=\"https:\/\/cooprogetti.it\/es\/nueva-sede-de-la-biblioteca-nacional-de-arqueologia-e-historia-del-arte-de-roma-evolucion-del-proyecto\/\" aria-label=\"Nueva sede de la Biblioteca Nacional de Arqueolog\u00eda e Historia del Arte de Roma &#8211; evoluci\u00f3n del proyecto\" class=\"hover-type-none\"><img decoding=\"async\" width=\"700\" height=\"441\" src=\"https:\/\/cooprogetti.it\/wp-content\/uploads\/2026\/04\/3_Nuova-sede-della-Biblioteca-Nazionale-di-Archeologia-e-Storia-dellArte-di-Roma-700x441.jpeg\" class=\"attachment-recent-posts size-recent-posts\" alt=\"\" srcset=\"https:\/\/cooprogetti.it\/wp-content\/uploads\/2026\/04\/3_Nuova-sede-della-Biblioteca-Nazionale-di-Archeologia-e-Storia-dellArte-di-Roma-320x202.jpeg 320w, https:\/\/cooprogetti.it\/wp-content\/uploads\/2026\/04\/3_Nuova-sede-della-Biblioteca-Nazionale-di-Archeologia-e-Storia-dellArte-di-Roma-700x441.jpeg 700w\" sizes=\"(max-width: 700px) 100vw, 700px\" \/><\/a><\/li><\/ul><\/div><div class=\"recent-posts-content\"><span class=\"vcard\" style=\"display: none;\"><span class=\"fn\"><a href=\"https:\/\/cooprogetti.it\/es\/author\/t1zi4na\/\" title=\"Entradas de Tiziana Longo\" rel=\"author\">Tiziana Longo<\/a><\/span><\/span><span class=\"updated\" style=\"display:none;\">2026-04-08T06:49:39+00:00<\/span><h4 class=\"entry-title\"><a href=\"https:\/\/cooprogetti.it\/es\/nueva-sede-de-la-biblioteca-nacional-de-arqueologia-e-historia-del-arte-de-roma-evolucion-del-proyecto\/\">Nueva sede de la Biblioteca Nacional de Arqueolog\u00eda e Historia del Arte de Roma &#8211; evoluci\u00f3n del proyecto<\/a><\/h4><p class=\"meta\"><span class=\"vcard\" style=\"display: none;\"><span class=\"fn\"><a href=\"https:\/\/cooprogetti.it\/es\/author\/t1zi4na\/\" title=\"Entradas de Tiziana Longo\" rel=\"author\">Tiziana Longo<\/a><\/span><\/span><span class=\"updated\" style=\"display:none;\">2026-04-08T06:49:39+00:00<\/span><span>7 de abril de 2026<\/span><span class=\"fusion-inline-sep\">|<\/span><\/p><p>El proyecto de restauraci\u00f3n y reorganizaci\u00f3n arquitect\u00f3nica de la nueva sede de la Biblioteca Nacional de Arqueolog\u00eda e Historia del Arte de Roma - concebido para transformar el antiguo complejo en un moderno polo cultural [...]<\/p><\/div><\/article><article class=\"post fusion-column column col col-lg-4 col-md-4 col-sm-4\"><div class=\"fusion-flexslider fusion-flexslider-loading flexslider flexslider-hover-type-none\"><ul class=\"slides\"><li><a href=\"https:\/\/cooprogetti.it\/es\/visita-guiada-al-area-bovisa-goccia-cooprogetti-en-el-tour-2026\/\" aria-label=\"Visita guiada al \u00e1rea Bovisa Goccia: Cooprogetti en el Tour 2026\" class=\"hover-type-none\"><img decoding=\"async\" width=\"700\" height=\"441\" src=\"https:\/\/cooprogetti.it\/wp-content\/uploads\/2026\/03\/Tour-2026-700x441.jpg\" class=\"attachment-recent-posts size-recent-posts\" alt=\"\" srcset=\"https:\/\/cooprogetti.it\/wp-content\/uploads\/2026\/03\/Tour-2026-320x202.jpg 320w, https:\/\/cooprogetti.it\/wp-content\/uploads\/2026\/03\/Tour-2026-700x441.jpg 700w\" sizes=\"(max-width: 700px) 100vw, 700px\" \/><\/a><\/li><\/ul><\/div><div class=\"recent-posts-content\"><span class=\"vcard\" style=\"display: none;\"><span class=\"fn\"><a href=\"https:\/\/cooprogetti.it\/es\/author\/t1zi4na\/\" title=\"Entradas de Tiziana Longo\" rel=\"author\">Tiziana Longo<\/a><\/span><\/span><span class=\"updated\" style=\"display:none;\">2026-04-07T08:08:04+00:00<\/span><h4 class=\"entry-title\"><a href=\"https:\/\/cooprogetti.it\/es\/visita-guiada-al-area-bovisa-goccia-cooprogetti-en-el-tour-2026\/\">Visita guiada al \u00e1rea Bovisa Goccia: Cooprogetti en el Tour 2026<\/a><\/h4><p class=\"meta\"><span class=\"vcard\" style=\"display: none;\"><span class=\"fn\"><a href=\"https:\/\/cooprogetti.it\/es\/author\/t1zi4na\/\" title=\"Entradas de Tiziana Longo\" rel=\"author\">Tiziana Longo<\/a><\/span><\/span><span class=\"updated\" style=\"display:none;\">2026-04-07T08:08:04+00:00<\/span><span>7 de abril de 2026<\/span><span class=\"fusion-inline-sep\">|<\/span><\/p><p>El Tour 2026, promovido por Legacoop Lombardia, es una iniciativa dedicada a los temas de la investigaci\u00f3n, el deporte y la innovaci\u00f3n, y representa una importante oportunidad de intercambio sobre uno de los proyectos de [...]<\/p><\/div><\/article><\/section><div class=\"pagination clearfix\"><span class=\"current\">1<\/span><a href=\"https:\/\/cooprogetti.it\/es\/wp-json\/wp\/v2\/pages\/6453\/page\/2\/\" class=\"inactive\">2<\/a><a class=\"pagination-next\" rel=\"next\" href=\"https:\/\/cooprogetti.it\/es\/wp-json\/wp\/v2\/pages\/6453\/page\/2\/\"><span class=\"page-text\">Next<\/span><span class=\"page-next\"><\/span><\/a><\/div><div class=\"fusion-clearfix\"><\/div><\/div><\/div><\/div><\/div><\/div>\n","protected":false},"excerpt":{"rendered":"","protected":false},"author":2,"featured_media":0,"parent":0,"menu_order":0,"comment_status":"closed","ping_status":"closed","template":"","meta":{"footnotes":""},"class_list":["post-6453","page","type-page","status-publish","hentry"],"_links":{"self":[{"href":"https:\/\/cooprogetti.it\/es\/wp-json\/wp\/v2\/pages\/6453","targetHints":{"allow":["GET"]}}],"collection":[{"href":"https:\/\/cooprogetti.it\/es\/wp-json\/wp\/v2\/pages"}],"about":[{"href":"https:\/\/cooprogetti.it\/es\/wp-json\/wp\/v2\/types\/page"}],"author":[{"embeddable":true,"href":"https:\/\/cooprogetti.it\/es\/wp-json\/wp\/v2\/users\/2"}],"replies":[{"embeddable":true,"href":"https:\/\/cooprogetti.it\/es\/wp-json\/wp\/v2\/comments?post=6453"}],"version-history":[{"count":1,"href":"https:\/\/cooprogetti.it\/es\/wp-json\/wp\/v2\/pages\/6453\/revisions"}],"predecessor-version":[{"id":6454,"href":"https:\/\/cooprogetti.it\/es\/wp-json\/wp\/v2\/pages\/6453\/revisions\/6454"}],"wp:attachment":[{"href":"https:\/\/cooprogetti.it\/es\/wp-json\/wp\/v2\/media?parent=6453"}],"curies":[{"name":"wp","href":"https:\/\/api.w.org\/{rel}","templated":true}]}}