{"id":6437,"date":"2022-07-26T14:47:50","date_gmt":"2022-07-26T14:47:50","guid":{"rendered":"https:\/\/cooprogetti.it\/events\/"},"modified":"2023-11-28T16:27:40","modified_gmt":"2023-11-28T16:27:40","slug":"events","status":"publish","type":"page","link":"https:\/\/cooprogetti.it\/es\/events\/","title":{"rendered":"Events"},"content":{"rendered":"<div class=\"fusion-fullwidth fullwidth-box fusion-builder-row-1 fusion-flex-container nonhundred-percent-fullwidth non-hundred-percent-height-scrolling\" style=\"--awb-border-radius-top-left:0px;--awb-border-radius-top-right:0px;--awb-border-radius-bottom-right:0px;--awb-border-radius-bottom-left:0px;--awb-flex-wrap:wrap;\" ><div class=\"fusion-builder-row fusion-row fusion-flex-align-items-flex-start fusion-flex-content-wrap\" style=\"max-width:1248px;margin-left: calc(-4% \/ 2 );margin-right: calc(-4% \/ 2 );\"><div class=\"fusion-layout-column fusion_builder_column fusion-builder-column-0 fusion_builder_column_1_1 1_1 fusion-flex-column\" style=\"--awb-bg-size:cover;--awb-width-large:100%;--awb-margin-top-large:0px;--awb-spacing-right-large:1.92%;--awb-margin-bottom-large:20px;--awb-spacing-left-large:1.92%;--awb-width-medium:100%;--awb-order-medium:0;--awb-spacing-right-medium:1.92%;--awb-spacing-left-medium:1.92%;--awb-width-small:100%;--awb-order-small:0;--awb-spacing-right-small:1.92%;--awb-spacing-left-small:1.92%;\"><div class=\"fusion-column-wrapper fusion-column-has-shadow fusion-flex-justify-content-flex-start fusion-content-layout-column\"><div class=\"fusion-blog-shortcode fusion-blog-shortcode-1 fusion-blog-archive fusion-blog-layout-medium fusion-blog-pagination\" style=\"--awb-title-font-size:30px;--awb-title-font-family:&quot;Poppins&quot;;--awb-title-font-style:normal;--awb-title-font-weight:500;\"><div class=\"fusion-posts-container fusion-posts-container-pagination fusion-blog-rollover\" data-pages=\"1\"><article id=\"blog-1-post-14574\" class=\"fusion-post-medium post-14574 post type-post status-publish format-standard has-post-thumbnail hentry category-news-es category-press-es category-events-es\">\n\t<style type=\"text\/css\">\n\t\t\n\t\t\n\t\t\n\t\t\n\t\t\t<\/style>\n\n\n\t\t\t<div class=\"fusion-flexslider flexslider fusion-flexslider-loading fusion-post-slideshow\" style=\"\">\n\t\t<ul class=\"slides\">\n\t\t\t\n\t\t\t\t\t\t\t\t\t\t\t\t\t\t<li><div  class=\"fusion-image-wrapper fusion-image-size-fixed\" aria-haspopup=\"true\">\n\t\t\t\t<img decoding=\"async\" width=\"320\" height=\"202\" src=\"https:\/\/cooprogetti.it\/wp-content\/uploads\/2026\/03\/Sede-di-Gubbio-320x202.jpg\" class=\"attachment-blog-medium size-blog-medium wp-post-image\" alt=\"\" srcset=\"https:\/\/cooprogetti.it\/wp-content\/uploads\/2026\/03\/Sede-di-Gubbio-320x202.jpg 320w, https:\/\/cooprogetti.it\/wp-content\/uploads\/2026\/03\/Sede-di-Gubbio-700x441.jpg 700w\" sizes=\"(max-width: 320px) 100vw, 320px\" \/><div class=\"fusion-rollover\">\n\t<div class=\"fusion-rollover-content\">\n\n\t\t\t\t\n\t\t\n\t\t\t\t\t\t\t\t\t\t\t\t<h4 class=\"fusion-rollover-title\">\n\t\t\t\t\t<a class=\"fusion-rollover-title-link\" href=\"https:\/\/cooprogetti.it\/es\/50-anos-de-vision-la-evolucion-de-cooprogetti\/\">\n\t\t\t\t\t\t50 a\u00f1os de visi\u00f3n: la evoluci\u00f3n de Cooprogetti\t\t\t\t\t<\/a>\n\t\t\t\t<\/h4>\n\t\t\t\n\t\t\t\t\t\t\t\t\n\t\t\n\t\t\t\t\t\t<a class=\"fusion-link-wrapper\" href=\"https:\/\/cooprogetti.it\/es\/50-anos-de-vision-la-evolucion-de-cooprogetti\/\" aria-label=\"50 a\u00f1os de visi\u00f3n: la evoluci\u00f3n de Cooprogetti\"><\/a>\n\t<\/div>\n<\/div>\n<\/div>\n<\/li>\n\t\t\t\n\t\t\t\n\t\t\t\t\t\t\t\t\t\t\t\n\t\t\t\t\t\n\t\t\t\t\t\t\t\t\t\t\t<li>\n\t\t\t\t\t\t\t<div class=\"fusion-image-wrapper\">\n\t\t\t\t\t\t\t\t<a href=\"https:\/\/cooprogetti.it\/es\/50-anos-de-vision-la-evolucion-de-cooprogetti\/\" aria-label=\"50 a\u00f1os de visi\u00f3n: la evoluci\u00f3n de Cooprogetti\">\n\t\t\t\t\t\t\t\t\t<img decoding=\"async\" width=\"320\" height=\"202\" src=\"https:\/\/cooprogetti.it\/wp-content\/uploads\/2026\/03\/Sede-di-Reggio-Calabria-320x202.jpg\" alt=\"\" class=\"wp-image-14511\" role=\"presentation\" srcset=\"https:\/\/cooprogetti.it\/wp-content\/uploads\/2026\/03\/Sede-di-Reggio-Calabria-320x202.jpg 320w, https:\/\/cooprogetti.it\/wp-content\/uploads\/2026\/03\/Sede-di-Reggio-Calabria-700x441.jpg 700w\" sizes=\"(max-width: 320px) 100vw, 320px\" \/>\t\t\t\t\t\t\t\t<\/a>\n\t\t\t\t\t\t\t\t<a style=\"display:none;\" href=\"https:\/\/cooprogetti.it\/wp-content\/uploads\/2026\/03\/Sede-di-Reggio-Calabria.jpg\" data-rel=\"iLightbox[gallery14574]\"  title=\"\" data-title=\"Sede di Reggio Calabria\" data-caption=\"\">\n\t\t\t\t\t\t\t\t\t\t\t\t\t\t\t\t\t<\/a>\n\t\t\t\t\t\t\t<\/div>\n\t\t\t\t\t\t<\/li>\n\t\t\t\t\t\t\t\t\t\t\t\t\t\t\t\t\t\t\t\t\t\t\t\t\t\t\t\t\t\t\t\t\t\t\t\t\t\t\t\t\t\t\t\t\t\t\t\t\t\t\t\t\t\t\t\t\t\t\t\t\t\t\t\t\t\t\t\t\t\t\t\t\t\t\t\t\t\t\t\t\t<\/ul>\n\t<\/div>\n\t<div class=\"fusion-post-content post-content\"><h1 class=\"blog-shortcode-post-title entry-title\"><a href=\"https:\/\/cooprogetti.it\/es\/50-anos-de-vision-la-evolucion-de-cooprogetti\/\">50 a\u00f1os de visi\u00f3n: la evoluci\u00f3n de Cooprogetti<\/a><\/h1><div class=\"fusion-post-content-container\"><p>Con motivo de su quincuag\u00e9simo aniversario, Cooprogetti celebr\u00f3 su trayectoria con una llamada global que involucr\u00f3 a todas las oficinas y filiales italianas y sudamericanas, convirtiendo el evento del 18 [...]<\/p><\/div><\/div><div class=\"fusion-clearfix\"><\/div><div class=\"fusion-meta-info\"><div class=\"fusion-alignleft\"><span class=\"vcard\" style=\"display: none;\"><span class=\"fn\"><a href=\"https:\/\/cooprogetti.it\/es\/author\/t1zi4na\/\" title=\"Entradas de Tiziana Longo\" rel=\"author\">Tiziana Longo<\/a><\/span><\/span><span class=\"updated\" style=\"display:none;\">2026-03-24T15:43:01+00:00<\/span><span>20 de marzo de 2026<\/span><span class=\"fusion-inline-sep\">|<\/span><\/div><div class=\"fusion-alignright\"><a class=\"fusion-read-more\" href=\"https:\/\/cooprogetti.it\/es\/50-anos-de-vision-la-evolucion-de-cooprogetti\/\" aria-label=\"More on 50 a\u00f1os de visi\u00f3n: la evoluci\u00f3n de Cooprogetti\">Read More<\/a><\/div><\/div><\/article>\n<article id=\"blog-1-post-12582\" class=\"fusion-post-medium post-12582 post type-post status-publish format-standard has-post-thumbnail hentry category-events-es\">\n\t<style type=\"text\/css\">\n\t\t\n\t\t\n\t\t\n\t\t\n\t\t\t<\/style>\n\n\n\t\t\t<div class=\"fusion-flexslider flexslider fusion-flexslider-loading fusion-post-slideshow\" style=\"\">\n\t\t<ul class=\"slides\">\n\t\t\t\n\t\t\t\t\t\t\t\t\t\t\t\t\t\t<li><div  class=\"fusion-image-wrapper fusion-image-size-fixed\" aria-haspopup=\"true\">\n\t\t\t\t<img decoding=\"async\" width=\"320\" height=\"202\" src=\"https:\/\/cooprogetti.it\/wp-content\/uploads\/2025\/06\/1_Festa-Reggio-Calabria-320x202.jpg\" class=\"attachment-blog-medium size-blog-medium wp-post-image\" alt=\"\" srcset=\"https:\/\/cooprogetti.it\/wp-content\/uploads\/2025\/06\/1_Festa-Reggio-Calabria-320x202.jpg 320w, https:\/\/cooprogetti.it\/wp-content\/uploads\/2025\/06\/1_Festa-Reggio-Calabria-700x441.jpg 700w\" sizes=\"(max-width: 320px) 100vw, 320px\" \/><div class=\"fusion-rollover\">\n\t<div class=\"fusion-rollover-content\">\n\n\t\t\t\t\n\t\t\n\t\t\t\t\t\t\t\t\t\t\t\t<h4 class=\"fusion-rollover-title\">\n\t\t\t\t\t<a class=\"fusion-rollover-title-link\" href=\"https:\/\/cooprogetti.it\/es\/nuevas-oficinas-en-reggio-calabria-misma-vision-construir-el-futuro-2\/\">\n\t\t\t\t\t\tNuevas oficinas en Reggio Calabria, misma visi\u00f3n: construir el futuro\t\t\t\t\t<\/a>\n\t\t\t\t<\/h4>\n\t\t\t\n\t\t\t\t\t\t\t\t\n\t\t\n\t\t\t\t\t\t<a class=\"fusion-link-wrapper\" href=\"https:\/\/cooprogetti.it\/es\/nuevas-oficinas-en-reggio-calabria-misma-vision-construir-el-futuro-2\/\" aria-label=\"Nuevas oficinas en Reggio Calabria, misma visi\u00f3n: construir el futuro\"><\/a>\n\t<\/div>\n<\/div>\n<\/div>\n<\/li>\n\t\t\t\n\t\t\t\n\t\t\t\t\t\t\t\t\t\t\t\t\t\t\t\t\t\t\t\t\t\t\t\t\t\t\t\t\t\t\t\t\t\t\t\t\t\t\t\t\t\t\t\t\t\t\t\t\t\t\t\t\t\t\t\t\t\t\t\t\t\t\t\t\t\t\t\t\t\t\t\t\t\t\t\t\t\t\t\t\t\t\t<\/ul>\n\t<\/div>\n\t<div class=\"fusion-post-content post-content\"><h1 class=\"blog-shortcode-post-title entry-title\"><a href=\"https:\/\/cooprogetti.it\/es\/nuevas-oficinas-en-reggio-calabria-misma-vision-construir-el-futuro-2\/\">Nuevas oficinas en Reggio Calabria, misma visi\u00f3n: construir el futuro<\/a><\/h1><div class=\"fusion-post-content-container\"><p>           El viernes 6 de junio inauguramos las nuevas oficinas de la sede de Cooprogetti en Reggio Calabria, un paso [...]<\/p><\/div><\/div><div class=\"fusion-clearfix\"><\/div><div class=\"fusion-meta-info\"><div class=\"fusion-alignleft\"><span class=\"vcard\" style=\"display: none;\"><span class=\"fn\"><a href=\"https:\/\/cooprogetti.it\/es\/author\/t1zi4na\/\" title=\"Entradas de Tiziana Longo\" rel=\"author\">Tiziana Longo<\/a><\/span><\/span><span class=\"updated\" style=\"display:none;\">2025-06-08T11:00:23+00:00<\/span><span>8 de junio de 2025<\/span><span class=\"fusion-inline-sep\">|<\/span><\/div><div class=\"fusion-alignright\"><a class=\"fusion-read-more\" href=\"https:\/\/cooprogetti.it\/es\/nuevas-oficinas-en-reggio-calabria-misma-vision-construir-el-futuro-2\/\" aria-label=\"More on Nuevas oficinas en Reggio Calabria, misma visi\u00f3n: construir el futuro\">Read More<\/a><\/div><\/div><\/article>\n<article id=\"blog-1-post-6654\" class=\"fusion-post-medium post-6654 post type-post status-publish format-standard has-post-thumbnail hentry category-events-es\">\n\t<style type=\"text\/css\">\n\t\t\n\t\t\n\t\t\n\t\t\n\t\t\t<\/style>\n\n\n\t\t\t<div class=\"fusion-flexslider flexslider fusion-flexslider-loading fusion-post-slideshow\" style=\"\">\n\t\t<ul class=\"slides\">\n\t\t\t\n\t\t\t\t\t\t\t\t\t\t\t\t\t\t<li><div  class=\"fusion-image-wrapper fusion-image-size-fixed\" aria-haspopup=\"true\">\n\t\t\t\t<img decoding=\"async\" width=\"320\" height=\"202\" src=\"https:\/\/cooprogetti.it\/wp-content\/uploads\/2022\/09\/Evidenza_evento-320x202.jpg\" class=\"attachment-blog-medium size-blog-medium wp-post-image\" alt=\"\" srcset=\"https:\/\/cooprogetti.it\/wp-content\/uploads\/2022\/09\/Evidenza_evento-320x202.jpg 320w, https:\/\/cooprogetti.it\/wp-content\/uploads\/2022\/09\/Evidenza_evento-700x441.jpg 700w\" sizes=\"(max-width: 320px) 100vw, 320px\" \/><div class=\"fusion-rollover\">\n\t<div class=\"fusion-rollover-content\">\n\n\t\t\t\t\n\t\t\n\t\t\t\t\t\t\t\t\t\t\t\t<h4 class=\"fusion-rollover-title\">\n\t\t\t\t\t<a class=\"fusion-rollover-title-link\" href=\"https:\/\/cooprogetti.it\/es\/inauguracion-de-la-nueva-sede-de-cooprogetti-lema-reurbanizacion\/\">\n\t\t\t\t\t\tInauguraci\u00f3n de la nueva sede de Cooprogetti, lema: reurbanizaci\u00f3n\t\t\t\t\t<\/a>\n\t\t\t\t<\/h4>\n\t\t\t\n\t\t\t\t\t\t\t\t\n\t\t\n\t\t\t\t\t\t<a class=\"fusion-link-wrapper\" href=\"https:\/\/cooprogetti.it\/es\/inauguracion-de-la-nueva-sede-de-cooprogetti-lema-reurbanizacion\/\" aria-label=\"Inauguraci\u00f3n de la nueva sede de Cooprogetti, lema: reurbanizaci\u00f3n\"><\/a>\n\t<\/div>\n<\/div>\n<\/div>\n<\/li>\n\t\t\t\n\t\t\t\n\t\t\t\t\t\t\t\t\t\t\t\t\t\t\t\t\t\t\t\t\t\t\t\t\t\t\t\t\t\t\t\t\t\t\t\t\t\t\t\t\t\t\t\t\t\t\t\t\t\t\t\t\t\t\t\t\t\t\t\t\t\t\t\t\t\t\t\t\t\t\t\t\t\t\t\t\t\t\t\t\t\t\t<\/ul>\n\t<\/div>\n\t<div class=\"fusion-post-content post-content\"><h1 class=\"blog-shortcode-post-title entry-title\"><a href=\"https:\/\/cooprogetti.it\/es\/inauguracion-de-la-nueva-sede-de-cooprogetti-lema-reurbanizacion\/\">Inauguraci\u00f3n de la nueva sede de Cooprogetti, lema: reurbanizaci\u00f3n<\/a><\/h1><div class=\"fusion-post-content-container\"><p>            El nuevo polo de dise\u00f1o concebido por Cooprogetti es una oportunidad para reurbanizar una zona industrial en desuso [...]<\/p><\/div><\/div><div class=\"fusion-clearfix\"><\/div><div class=\"fusion-meta-info\"><div class=\"fusion-alignleft\"><span class=\"vcard\" style=\"display: none;\"><span class=\"fn\"><a href=\"https:\/\/cooprogetti.it\/es\/author\/t1zi4na\/\" title=\"Entradas de Tiziana Longo\" rel=\"author\">Tiziana Longo<\/a><\/span><\/span><span class=\"updated\" style=\"display:none;\">2023-11-28T22:41:27+00:00<\/span><span>24 de septiembre de 2022<\/span><span class=\"fusion-inline-sep\">|<\/span><\/div><div class=\"fusion-alignright\"><a class=\"fusion-read-more\" href=\"https:\/\/cooprogetti.it\/es\/inauguracion-de-la-nueva-sede-de-cooprogetti-lema-reurbanizacion\/\" aria-label=\"More on Inauguraci\u00f3n de la nueva sede de Cooprogetti, lema: reurbanizaci\u00f3n\">Read More<\/a><\/div><\/div><\/article>\n<\/div><\/div><\/div><\/div><\/div><\/div>\n","protected":false},"excerpt":{"rendered":"","protected":false},"author":2,"featured_media":0,"parent":0,"menu_order":0,"comment_status":"closed","ping_status":"closed","template":"","meta":{"footnotes":""},"class_list":["post-6437","page","type-page","status-publish","hentry"],"_links":{"self":[{"href":"https:\/\/cooprogetti.it\/es\/wp-json\/wp\/v2\/pages\/6437","targetHints":{"allow":["GET"]}}],"collection":[{"href":"https:\/\/cooprogetti.it\/es\/wp-json\/wp\/v2\/pages"}],"about":[{"href":"https:\/\/cooprogetti.it\/es\/wp-json\/wp\/v2\/types\/page"}],"author":[{"embeddable":true,"href":"https:\/\/cooprogetti.it\/es\/wp-json\/wp\/v2\/users\/2"}],"replies":[{"embeddable":true,"href":"https:\/\/cooprogetti.it\/es\/wp-json\/wp\/v2\/comments?post=6437"}],"version-history":[{"count":1,"href":"https:\/\/cooprogetti.it\/es\/wp-json\/wp\/v2\/pages\/6437\/revisions"}],"predecessor-version":[{"id":6438,"href":"https:\/\/cooprogetti.it\/es\/wp-json\/wp\/v2\/pages\/6437\/revisions\/6438"}],"wp:attachment":[{"href":"https:\/\/cooprogetti.it\/es\/wp-json\/wp\/v2\/media?parent=6437"}],"curies":[{"name":"wp","href":"https:\/\/api.w.org\/{rel}","templated":true}]}}