{"id":6433,"date":"2022-03-14T10:45:32","date_gmt":"2022-03-14T10:45:32","guid":{"rendered":"https:\/\/cooprogetti.it\/buildings\/"},"modified":"2024-01-31T13:03:32","modified_gmt":"2024-01-31T13:03:32","slug":"buildings","status":"publish","type":"page","link":"https:\/\/cooprogetti.it\/es\/buildings\/","title":{"rendered":"Buildings"},"content":{"rendered":"<div class=\"fusion-fullwidth fullwidth-box fusion-builder-row-1 fusion-flex-container nonhundred-percent-fullwidth non-hundred-percent-height-scrolling\" style=\"--awb-border-radius-top-left:0px;--awb-border-radius-top-right:0px;--awb-border-radius-bottom-right:0px;--awb-border-radius-bottom-left:0px;--awb-flex-wrap:wrap;\" ><div class=\"fusion-builder-row fusion-row fusion-flex-align-items-flex-start fusion-flex-content-wrap\" style=\"max-width:1248px;margin-left: calc(-4% \/ 2 );margin-right: calc(-4% \/ 2 );\"><div class=\"fusion-layout-column fusion_builder_column fusion-builder-column-0 fusion_builder_column_1_1 1_1 fusion-flex-column\" style=\"--awb-bg-size:cover;--awb-width-large:100%;--awb-margin-top-large:0px;--awb-spacing-right-large:1.92%;--awb-margin-bottom-large:20px;--awb-spacing-left-large:1.92%;--awb-width-medium:100%;--awb-order-medium:0;--awb-spacing-right-medium:1.92%;--awb-spacing-left-medium:1.92%;--awb-width-small:100%;--awb-order-small:0;--awb-spacing-right-small:1.92%;--awb-spacing-left-small:1.92%;\"><div class=\"fusion-column-wrapper fusion-column-has-shadow fusion-flex-justify-content-flex-start fusion-content-layout-column\"><div class=\"fusion-recent-works fusion-portfolio-element fusion-portfolio fusion-portfolio-1 fusion-portfolio-grid fusion-portfolio-paging-none fusion-portfolio-three fusion-portfolio-no_text fusion-portfolio-rollover\" data-id=\"-rw-1\" data-columns=\"three\"><div><ul class=\"fusion-filters\" role=\"menu\" aria-label=\"Portfolio Filters\"><li role=\"presentation\" class=\"fusion-filter fusion-hidden fusion-active\"><a href=\"#\" data-filter=\".buildings-es\" role=\"menuitem\">buildings<\/a><\/li><li role=\"presentation\" class=\"fusion-filter fusion-hidden\"><a href=\"#\" data-filter=\".education-es\" role=\"menuitem\">education<\/a><\/li><li role=\"presentation\" class=\"fusion-filter fusion-hidden\"><a href=\"#\" data-filter=\".healthcare-es\" role=\"menuitem\">healthcare<\/a><\/li><li role=\"presentation\" class=\"fusion-filter fusion-hidden\"><a href=\"#\" data-filter=\".heritage-es\" role=\"menuitem\">heritage<\/a><\/li><li role=\"presentation\" class=\"fusion-filter fusion-hidden\"><a href=\"#\" data-filter=\".industrial-plants-es\" role=\"menuitem\">industrial plants<\/a><\/li><\/ul><\/div><style type=\"text\/css\">.fusion-portfolio-1 .fusion-portfolio-wrapper .fusion-col-spacing{padding:15px;}<\/style><div class=\"fusion-portfolio-wrapper\" id=\"fusion-portfolio-1\" data-picturesize=\"auto\" data-pages=\"4\" style=\"margin:-15px;\"><article id=\"portfolio-1-post-14624\" class=\"fusion-portfolio-post buildings-es education-es fusion-col-spacing post-14624\"><div class=\"fusion-portfolio-content-wrapper\" style=\"border:none;\"><span class=\"entry-title rich-snippet-hidden\">Escuela Primaria Anna Frank de Pesaro<\/span><span class=\"vcard rich-snippet-hidden\"><span class=\"fn\"><a href=\"https:\/\/cooprogetti.it\/es\/author\/t1zi4na\/\" title=\"Entradas de Tiziana Longo\" rel=\"author\">Tiziana Longo<\/a><\/span><\/span><span class=\"updated rich-snippet-hidden\">2026-03-25T18:02:35+00:00<\/span><div  class=\"fusion-image-wrapper\" aria-haspopup=\"true\">\n\t\t\t\t<img decoding=\"async\" width=\"800\" height=\"534\" src=\"https:\/\/cooprogetti.it\/wp-content\/uploads\/2026\/03\/immagine-in-evidenza-Scuola-primaria-Anna-Frank.jpg\" class=\"attachment-full size-full wp-post-image\" alt=\"\" srcset=\"https:\/\/cooprogetti.it\/wp-content\/uploads\/2026\/03\/immagine-in-evidenza-Scuola-primaria-Anna-Frank-200x134.jpg 200w, https:\/\/cooprogetti.it\/wp-content\/uploads\/2026\/03\/immagine-in-evidenza-Scuola-primaria-Anna-Frank-400x267.jpg 400w, https:\/\/cooprogetti.it\/wp-content\/uploads\/2026\/03\/immagine-in-evidenza-Scuola-primaria-Anna-Frank-600x401.jpg 600w, https:\/\/cooprogetti.it\/wp-content\/uploads\/2026\/03\/immagine-in-evidenza-Scuola-primaria-Anna-Frank.jpg 800w\" sizes=\"(min-width: 2200px) 100vw, (min-width: 784px) 380px, (min-width: 712px) 570px, (min-width: 640px) 712px, \" \/><div class=\"fusion-rollover\">\n\t<div class=\"fusion-rollover-content\">\n\n\t\t\t\t\n\t\t\n\t\t\t\t\t\t\t\t\t\t\t\t<h4 class=\"fusion-rollover-title\">\n\t\t\t\t\t<a class=\"fusion-rollover-title-link\" href=\"https:\/\/cooprogetti.it\/es\/portfolio-items\/escuela-primaria-anna-frank-de-pesaro\/\">\n\t\t\t\t\t\tEscuela Primaria Anna Frank de Pesaro\t\t\t\t\t<\/a>\n\t\t\t\t<\/h4>\n\t\t\t\n\t\t\t\t\t\t\t\t\n\t\t\n\t\t\t\t\t\t<a class=\"fusion-link-wrapper\" href=\"https:\/\/cooprogetti.it\/es\/portfolio-items\/escuela-primaria-anna-frank-de-pesaro\/\" aria-label=\"Escuela Primaria Anna Frank de Pesaro\"><\/a>\n\t<\/div>\n<\/div>\n<\/div>\n<\/div><\/article><article id=\"portfolio-1-post-12140\" class=\"fusion-portfolio-post buildings-es healthcare-es fusion-col-spacing post-12140\"><div class=\"fusion-portfolio-content-wrapper\" style=\"border:none;\"><span class=\"entry-title rich-snippet-hidden\">Narni &#8211; Baluarte del Hospital Amelia<\/span><span class=\"vcard rich-snippet-hidden\"><span class=\"fn\"><a href=\"https:\/\/cooprogetti.it\/es\/author\/t1zi4na\/\" title=\"Entradas de Tiziana Longo\" rel=\"author\">Tiziana Longo<\/a><\/span><\/span><span class=\"updated rich-snippet-hidden\">2026-03-24T15:38:33+00:00<\/span><div  class=\"fusion-image-wrapper\" aria-haspopup=\"true\">\n\t\t\t\t<img decoding=\"async\" width=\"800\" height=\"534\" src=\"https:\/\/cooprogetti.it\/wp-content\/uploads\/2025\/03\/immagine-in-evidenza_NARNI.jpg\" class=\"attachment-full size-full wp-post-image\" alt=\"\" srcset=\"https:\/\/cooprogetti.it\/wp-content\/uploads\/2025\/03\/immagine-in-evidenza_NARNI-200x134.jpg 200w, https:\/\/cooprogetti.it\/wp-content\/uploads\/2025\/03\/immagine-in-evidenza_NARNI-400x267.jpg 400w, https:\/\/cooprogetti.it\/wp-content\/uploads\/2025\/03\/immagine-in-evidenza_NARNI-600x401.jpg 600w, https:\/\/cooprogetti.it\/wp-content\/uploads\/2025\/03\/immagine-in-evidenza_NARNI.jpg 800w\" sizes=\"(min-width: 2200px) 100vw, (min-width: 784px) 380px, (min-width: 712px) 570px, (min-width: 640px) 712px, \" \/><div class=\"fusion-rollover\">\n\t<div class=\"fusion-rollover-content\">\n\n\t\t\t\t\n\t\t\n\t\t\t\t\t\t\t\t\t\t\t\t<h4 class=\"fusion-rollover-title\">\n\t\t\t\t\t<a class=\"fusion-rollover-title-link\" href=\"https:\/\/cooprogetti.it\/es\/portfolio-items\/narni-baluarte-del-hospital-amelia\/\">\n\t\t\t\t\t\tNarni &#8211; Baluarte del Hospital Amelia\t\t\t\t\t<\/a>\n\t\t\t\t<\/h4>\n\t\t\t\n\t\t\t\t\t\t\t\t\n\t\t\n\t\t\t\t\t\t<a class=\"fusion-link-wrapper\" href=\"https:\/\/cooprogetti.it\/es\/portfolio-items\/narni-baluarte-del-hospital-amelia\/\" aria-label=\"Narni &#8211; Baluarte del Hospital Amelia\"><\/a>\n\t<\/div>\n<\/div>\n<\/div>\n<\/div><\/article><article id=\"portfolio-1-post-12113\" class=\"fusion-portfolio-post buildings-es healthcare-es fusion-col-spacing post-12113\"><div class=\"fusion-portfolio-content-wrapper\" style=\"border:none;\"><span class=\"entry-title rich-snippet-hidden\">Nuevo Hospital Integral de Gubbio &#8211; Gualdo Tadino<\/span><span class=\"vcard rich-snippet-hidden\"><span class=\"fn\"><a href=\"https:\/\/cooprogetti.it\/es\/author\/t1zi4na\/\" title=\"Entradas de Tiziana Longo\" rel=\"author\">Tiziana Longo<\/a><\/span><\/span><span class=\"updated rich-snippet-hidden\">2025-03-11T15:55:11+00:00<\/span><div  class=\"fusion-image-wrapper\" aria-haspopup=\"true\">\n\t\t\t\t<img decoding=\"async\" width=\"800\" height=\"534\" src=\"https:\/\/cooprogetti.it\/wp-content\/uploads\/2025\/03\/immagine-in-evidenza_GUALDO-TADINO.jpg\" class=\"attachment-full size-full wp-post-image\" alt=\"\" srcset=\"https:\/\/cooprogetti.it\/wp-content\/uploads\/2025\/03\/immagine-in-evidenza_GUALDO-TADINO-200x134.jpg 200w, https:\/\/cooprogetti.it\/wp-content\/uploads\/2025\/03\/immagine-in-evidenza_GUALDO-TADINO-400x267.jpg 400w, https:\/\/cooprogetti.it\/wp-content\/uploads\/2025\/03\/immagine-in-evidenza_GUALDO-TADINO-600x401.jpg 600w, https:\/\/cooprogetti.it\/wp-content\/uploads\/2025\/03\/immagine-in-evidenza_GUALDO-TADINO.jpg 800w\" sizes=\"(min-width: 2200px) 100vw, (min-width: 784px) 380px, (min-width: 712px) 570px, (min-width: 640px) 712px, \" \/><div class=\"fusion-rollover\">\n\t<div class=\"fusion-rollover-content\">\n\n\t\t\t\t\n\t\t\n\t\t\t\t\t\t\t\t\t\t\t\t<h4 class=\"fusion-rollover-title\">\n\t\t\t\t\t<a class=\"fusion-rollover-title-link\" href=\"https:\/\/cooprogetti.it\/es\/portfolio-items\/nuevo-hospital-integral-de-gubbio-gualdo-tadino\/\">\n\t\t\t\t\t\tNuevo Hospital Integral de Gubbio &#8211; Gualdo Tadino\t\t\t\t\t<\/a>\n\t\t\t\t<\/h4>\n\t\t\t\n\t\t\t\t\t\t\t\t\n\t\t\n\t\t\t\t\t\t<a class=\"fusion-link-wrapper\" href=\"https:\/\/cooprogetti.it\/es\/portfolio-items\/nuevo-hospital-integral-de-gubbio-gualdo-tadino\/\" aria-label=\"Nuevo Hospital Integral de Gubbio &#8211; Gualdo Tadino\"><\/a>\n\t<\/div>\n<\/div>\n<\/div>\n<\/div><\/article><article id=\"portfolio-1-post-11343\" class=\"fusion-portfolio-post buildings-es education-es fusion-col-spacing post-11343\"><div class=\"fusion-portfolio-content-wrapper\" style=\"border:none;\"><span class=\"entry-title rich-snippet-hidden\">Instituto LICAM. Proyecto de demolici\u00f3n y reconstrucci\u00f3n<\/span><span class=\"vcard rich-snippet-hidden\"><span class=\"fn\"><a href=\"https:\/\/cooprogetti.it\/es\/author\/t1zi4na\/\" title=\"Entradas de Tiziana Longo\" rel=\"author\">Tiziana Longo<\/a><\/span><\/span><span class=\"updated rich-snippet-hidden\">2025-02-19T15:04:00+00:00<\/span><div  class=\"fusion-image-wrapper\" aria-haspopup=\"true\">\n\t\t\t\t<img decoding=\"async\" width=\"800\" height=\"534\" src=\"https:\/\/cooprogetti.it\/wp-content\/uploads\/2025\/02\/imagine-in-evidenza_Licam.jpg\" class=\"attachment-full size-full wp-post-image\" alt=\"\" srcset=\"https:\/\/cooprogetti.it\/wp-content\/uploads\/2025\/02\/imagine-in-evidenza_Licam-200x134.jpg 200w, https:\/\/cooprogetti.it\/wp-content\/uploads\/2025\/02\/imagine-in-evidenza_Licam-400x267.jpg 400w, https:\/\/cooprogetti.it\/wp-content\/uploads\/2025\/02\/imagine-in-evidenza_Licam-600x401.jpg 600w, https:\/\/cooprogetti.it\/wp-content\/uploads\/2025\/02\/imagine-in-evidenza_Licam.jpg 800w\" sizes=\"(min-width: 2200px) 100vw, (min-width: 784px) 380px, (min-width: 712px) 570px, (min-width: 640px) 712px, \" \/><div class=\"fusion-rollover\">\n\t<div class=\"fusion-rollover-content\">\n\n\t\t\t\t\n\t\t\n\t\t\t\t\t\t\t\t\t\t\t\t<h4 class=\"fusion-rollover-title\">\n\t\t\t\t\t<a class=\"fusion-rollover-title-link\" href=\"https:\/\/cooprogetti.it\/es\/portfolio-items\/instituto-licam-proyecto-de-demolicion-y-reconstruccion\/\">\n\t\t\t\t\t\tInstituto LICAM. Proyecto de demolici\u00f3n y reconstrucci\u00f3n\t\t\t\t\t<\/a>\n\t\t\t\t<\/h4>\n\t\t\t\n\t\t\t\t\t\t\t\t\n\t\t\n\t\t\t\t\t\t<a class=\"fusion-link-wrapper\" href=\"https:\/\/cooprogetti.it\/es\/portfolio-items\/instituto-licam-proyecto-de-demolicion-y-reconstruccion\/\" aria-label=\"Instituto LICAM. Proyecto de demolici\u00f3n y reconstrucci\u00f3n\"><\/a>\n\t<\/div>\n<\/div>\n<\/div>\n<\/div><\/article><article id=\"portfolio-1-post-10357\" class=\"fusion-portfolio-post buildings-es education-es fusion-col-spacing post-10357\"><div class=\"fusion-portfolio-content-wrapper\" style=\"border:none;\"><span class=\"entry-title rich-snippet-hidden\">Restauraci\u00f3n y mejora s\u00edsmica del Pabell\u00f3n W del Centro de Educaci\u00f3n Monteluce<\/span><span class=\"vcard rich-snippet-hidden\"><span class=\"fn\"><a href=\"https:\/\/cooprogetti.it\/es\/author\/t1zi4na\/\" title=\"Entradas de Tiziana Longo\" rel=\"author\">Tiziana Longo<\/a><\/span><\/span><span class=\"updated rich-snippet-hidden\">2024-11-26T13:53:11+00:00<\/span><div  class=\"fusion-image-wrapper\" aria-haspopup=\"true\">\n\t\t\t\t<img decoding=\"async\" width=\"800\" height=\"534\" src=\"https:\/\/cooprogetti.it\/wp-content\/uploads\/2024\/11\/IMMAGINE-IN-EVIDENZA_POLO.jpg\" class=\"attachment-full size-full wp-post-image\" alt=\"\" srcset=\"https:\/\/cooprogetti.it\/wp-content\/uploads\/2024\/11\/IMMAGINE-IN-EVIDENZA_POLO-200x134.jpg 200w, https:\/\/cooprogetti.it\/wp-content\/uploads\/2024\/11\/IMMAGINE-IN-EVIDENZA_POLO-400x267.jpg 400w, https:\/\/cooprogetti.it\/wp-content\/uploads\/2024\/11\/IMMAGINE-IN-EVIDENZA_POLO-600x401.jpg 600w, https:\/\/cooprogetti.it\/wp-content\/uploads\/2024\/11\/IMMAGINE-IN-EVIDENZA_POLO.jpg 800w\" sizes=\"(min-width: 2200px) 100vw, (min-width: 784px) 380px, (min-width: 712px) 570px, (min-width: 640px) 712px, \" \/><div class=\"fusion-rollover\">\n\t<div class=\"fusion-rollover-content\">\n\n\t\t\t\t\n\t\t\n\t\t\t\t\t\t\t\t\t\t\t\t<h4 class=\"fusion-rollover-title\">\n\t\t\t\t\t<a class=\"fusion-rollover-title-link\" href=\"https:\/\/cooprogetti.it\/es\/portfolio-items\/restauracion-y-mejora-sismica-del-pabellon-w-del-centro-de-educacion-monteluce\/\">\n\t\t\t\t\t\tRestauraci\u00f3n y mejora s\u00edsmica del Pabell\u00f3n W del Centro de Educaci\u00f3n Monteluce\t\t\t\t\t<\/a>\n\t\t\t\t<\/h4>\n\t\t\t\n\t\t\t\t\t\t\t\t\n\t\t\n\t\t\t\t\t\t<a class=\"fusion-link-wrapper\" href=\"https:\/\/cooprogetti.it\/es\/portfolio-items\/restauracion-y-mejora-sismica-del-pabellon-w-del-centro-de-educacion-monteluce\/\" aria-label=\"Restauraci\u00f3n y mejora s\u00edsmica del Pabell\u00f3n W del Centro de Educaci\u00f3n Monteluce\"><\/a>\n\t<\/div>\n<\/div>\n<\/div>\n<\/div><\/article><article id=\"portfolio-1-post-10340\" class=\"fusion-portfolio-post buildings-es heritage-es fusion-col-spacing post-10340\"><div class=\"fusion-portfolio-content-wrapper\" style=\"border:none;\"><span class=\"entry-title rich-snippet-hidden\">Restauraci\u00f3n conservadora y puesta en valor de la antigua f\u00e1brica de tabaco de Comiso, Piazza Carlo Marx<\/span><span class=\"vcard rich-snippet-hidden\"><span class=\"fn\"><a href=\"https:\/\/cooprogetti.it\/es\/author\/t1zi4na\/\" title=\"Entradas de Tiziana Longo\" rel=\"author\">Tiziana Longo<\/a><\/span><\/span><span class=\"updated rich-snippet-hidden\">2024-11-21T16:56:41+00:00<\/span><div  class=\"fusion-image-wrapper\" aria-haspopup=\"true\">\n\t\t\t\t<img decoding=\"async\" width=\"800\" height=\"534\" src=\"https:\/\/cooprogetti.it\/wp-content\/uploads\/2024\/11\/IMMAGINE-IN-EVIDENZA_TABACCHIFICIO.jpg\" class=\"attachment-full size-full wp-post-image\" alt=\"\" srcset=\"https:\/\/cooprogetti.it\/wp-content\/uploads\/2024\/11\/IMMAGINE-IN-EVIDENZA_TABACCHIFICIO-200x134.jpg 200w, https:\/\/cooprogetti.it\/wp-content\/uploads\/2024\/11\/IMMAGINE-IN-EVIDENZA_TABACCHIFICIO-400x267.jpg 400w, https:\/\/cooprogetti.it\/wp-content\/uploads\/2024\/11\/IMMAGINE-IN-EVIDENZA_TABACCHIFICIO-600x401.jpg 600w, https:\/\/cooprogetti.it\/wp-content\/uploads\/2024\/11\/IMMAGINE-IN-EVIDENZA_TABACCHIFICIO.jpg 800w\" sizes=\"(min-width: 2200px) 100vw, (min-width: 784px) 380px, (min-width: 712px) 570px, (min-width: 640px) 712px, \" \/><div class=\"fusion-rollover\">\n\t<div class=\"fusion-rollover-content\">\n\n\t\t\t\t\n\t\t\n\t\t\t\t\t\t\t\t\t\t\t\t<h4 class=\"fusion-rollover-title\">\n\t\t\t\t\t<a class=\"fusion-rollover-title-link\" href=\"https:\/\/cooprogetti.it\/es\/portfolio-items\/restauracion-conservadora-y-puesta-en-valor-de-la-antigua-fabrica-de-tabaco-de-comiso-piazza-carlo-marx\/\">\n\t\t\t\t\t\tRestauraci\u00f3n conservadora y puesta en valor de la antigua f\u00e1brica de tabaco de Comiso, Piazza Carlo Marx\t\t\t\t\t<\/a>\n\t\t\t\t<\/h4>\n\t\t\t\n\t\t\t\t\t\t\t\t\n\t\t\n\t\t\t\t\t\t<a class=\"fusion-link-wrapper\" href=\"https:\/\/cooprogetti.it\/es\/portfolio-items\/restauracion-conservadora-y-puesta-en-valor-de-la-antigua-fabrica-de-tabaco-de-comiso-piazza-carlo-marx\/\" aria-label=\"Restauraci\u00f3n conservadora y puesta en valor de la antigua f\u00e1brica de tabaco de Comiso, Piazza Carlo Marx\"><\/a>\n\t<\/div>\n<\/div>\n<\/div>\n<\/div><\/article><article id=\"portfolio-1-post-10320\" class=\"fusion-portfolio-post buildings-es heritage-es fusion-col-spacing post-10320\"><div class=\"fusion-portfolio-content-wrapper\" style=\"border:none;\"><span class=\"entry-title rich-snippet-hidden\">Nueva sede de la Biblioteca Nacional de Arqueolog\u00eda e Historia del Arte en Roma &#8211; Proyecto de restauraci\u00f3n y reorganizaci\u00f3n arquitect\u00f3nica<\/span><span class=\"vcard rich-snippet-hidden\"><span class=\"fn\"><a href=\"https:\/\/cooprogetti.it\/es\/author\/t1zi4na\/\" title=\"Entradas de Tiziana Longo\" rel=\"author\">Tiziana Longo<\/a><\/span><\/span><span class=\"updated rich-snippet-hidden\">2025-03-11T19:24:35+00:00<\/span><div  class=\"fusion-image-wrapper\" aria-haspopup=\"true\">\n\t\t\t\t<img decoding=\"async\" width=\"800\" height=\"534\" src=\"https:\/\/cooprogetti.it\/wp-content\/uploads\/2024\/11\/IMMAGINE-IN-EVIDENZA_SAN-FELICE.jpg\" class=\"attachment-full size-full wp-post-image\" alt=\"\" srcset=\"https:\/\/cooprogetti.it\/wp-content\/uploads\/2024\/11\/IMMAGINE-IN-EVIDENZA_SAN-FELICE-200x134.jpg 200w, https:\/\/cooprogetti.it\/wp-content\/uploads\/2024\/11\/IMMAGINE-IN-EVIDENZA_SAN-FELICE-400x267.jpg 400w, https:\/\/cooprogetti.it\/wp-content\/uploads\/2024\/11\/IMMAGINE-IN-EVIDENZA_SAN-FELICE-600x401.jpg 600w, https:\/\/cooprogetti.it\/wp-content\/uploads\/2024\/11\/IMMAGINE-IN-EVIDENZA_SAN-FELICE.jpg 800w\" sizes=\"(min-width: 2200px) 100vw, (min-width: 784px) 380px, (min-width: 712px) 570px, (min-width: 640px) 712px, \" \/><div class=\"fusion-rollover\">\n\t<div class=\"fusion-rollover-content\">\n\n\t\t\t\t\n\t\t\n\t\t\t\t\t\t\t\t\t\t\t\t<h4 class=\"fusion-rollover-title\">\n\t\t\t\t\t<a class=\"fusion-rollover-title-link\" href=\"https:\/\/cooprogetti.it\/es\/portfolio-items\/nueva-sede-de-la-biblioteca-nacional-de-arqueologia-e-historia-del-arte-en-roma-proyecto-de-restauracion-y-reorganizacion-arquitectonica\/\">\n\t\t\t\t\t\tNueva sede de la Biblioteca Nacional de Arqueolog\u00eda e Historia del Arte en Roma &#8211; Proyecto de restauraci\u00f3n y reorganizaci\u00f3n arquitect\u00f3nica\t\t\t\t\t<\/a>\n\t\t\t\t<\/h4>\n\t\t\t\n\t\t\t\t\t\t\t\t\n\t\t\n\t\t\t\t\t\t<a class=\"fusion-link-wrapper\" href=\"https:\/\/cooprogetti.it\/es\/portfolio-items\/nueva-sede-de-la-biblioteca-nacional-de-arqueologia-e-historia-del-arte-en-roma-proyecto-de-restauracion-y-reorganizacion-arquitectonica\/\" aria-label=\"Nueva sede de la Biblioteca Nacional de Arqueolog\u00eda e Historia del Arte en Roma &#8211; Proyecto de restauraci\u00f3n y reorganizaci\u00f3n arquitect\u00f3nica\"><\/a>\n\t<\/div>\n<\/div>\n<\/div>\n<\/div><\/article><article id=\"portfolio-1-post-10089\" class=\"fusion-portfolio-post buildings-es education-es fusion-col-spacing post-10089\"><div class=\"fusion-portfolio-content-wrapper\" style=\"border:none;\"><span class=\"entry-title rich-snippet-hidden\">Nuevo Campus Bovisa Nord &#8211; Gas\u00f3metro de la Innovaci\u00f3n 2<\/span><span class=\"vcard rich-snippet-hidden\"><span class=\"fn\"><a href=\"https:\/\/cooprogetti.it\/es\/author\/t1zi4na\/\" title=\"Entradas de Tiziana Longo\" rel=\"author\">Tiziana Longo<\/a><\/span><\/span><span class=\"updated rich-snippet-hidden\">2024-11-26T17:47:54+00:00<\/span><div  class=\"fusion-image-wrapper\" aria-haspopup=\"true\">\n\t\t\t\t<img decoding=\"async\" width=\"800\" height=\"534\" src=\"https:\/\/cooprogetti.it\/wp-content\/uploads\/2024\/11\/IMMAGINE-IN-EVIDENZA_GASOMETRO.jpg\" class=\"attachment-full size-full wp-post-image\" alt=\"\" srcset=\"https:\/\/cooprogetti.it\/wp-content\/uploads\/2024\/11\/IMMAGINE-IN-EVIDENZA_GASOMETRO-200x134.jpg 200w, https:\/\/cooprogetti.it\/wp-content\/uploads\/2024\/11\/IMMAGINE-IN-EVIDENZA_GASOMETRO-400x267.jpg 400w, https:\/\/cooprogetti.it\/wp-content\/uploads\/2024\/11\/IMMAGINE-IN-EVIDENZA_GASOMETRO-600x401.jpg 600w, https:\/\/cooprogetti.it\/wp-content\/uploads\/2024\/11\/IMMAGINE-IN-EVIDENZA_GASOMETRO.jpg 800w\" sizes=\"(min-width: 2200px) 100vw, (min-width: 784px) 380px, (min-width: 712px) 570px, (min-width: 640px) 712px, \" \/><div class=\"fusion-rollover\">\n\t<div class=\"fusion-rollover-content\">\n\n\t\t\t\t\n\t\t\n\t\t\t\t\t\t\t\t\t\t\t\t<h4 class=\"fusion-rollover-title\">\n\t\t\t\t\t<a class=\"fusion-rollover-title-link\" href=\"https:\/\/cooprogetti.it\/es\/portfolio-items\/nuevo-campus-bovisa-nord-gasometro-de-la-innovacion-2\/\">\n\t\t\t\t\t\tNuevo Campus Bovisa Nord &#8211; Gas\u00f3metro de la Innovaci\u00f3n 2\t\t\t\t\t<\/a>\n\t\t\t\t<\/h4>\n\t\t\t\n\t\t\t\t\t\t\t\t\n\t\t\n\t\t\t\t\t\t<a class=\"fusion-link-wrapper\" href=\"https:\/\/cooprogetti.it\/es\/portfolio-items\/nuevo-campus-bovisa-nord-gasometro-de-la-innovacion-2\/\" aria-label=\"Nuevo Campus Bovisa Nord &#8211; Gas\u00f3metro de la Innovaci\u00f3n 2\"><\/a>\n\t<\/div>\n<\/div>\n<\/div>\n<\/div><\/article><article id=\"portfolio-1-post-10040\" class=\"fusion-portfolio-post buildings-es education-es fusion-col-spacing post-10040\"><div class=\"fusion-portfolio-content-wrapper\" style=\"border:none;\"><span class=\"entry-title rich-snippet-hidden\">Obras de demolici\u00f3n y reconstrucci\u00f3n de la escuela de Sibari<\/span><span class=\"vcard rich-snippet-hidden\"><span class=\"fn\"><a href=\"https:\/\/cooprogetti.it\/es\/author\/t1zi4na\/\" title=\"Entradas de Tiziana Longo\" rel=\"author\">Tiziana Longo<\/a><\/span><\/span><span class=\"updated rich-snippet-hidden\">2024-11-13T18:34:26+00:00<\/span><div  class=\"fusion-image-wrapper\" aria-haspopup=\"true\">\n\t\t\t\t<img decoding=\"async\" width=\"800\" height=\"534\" src=\"https:\/\/cooprogetti.it\/wp-content\/uploads\/2024\/11\/IMMAGINE-IN-EVIDENZA_SIBARI.jpg\" class=\"attachment-full size-full wp-post-image\" alt=\"\" srcset=\"https:\/\/cooprogetti.it\/wp-content\/uploads\/2024\/11\/IMMAGINE-IN-EVIDENZA_SIBARI-200x134.jpg 200w, https:\/\/cooprogetti.it\/wp-content\/uploads\/2024\/11\/IMMAGINE-IN-EVIDENZA_SIBARI-400x267.jpg 400w, https:\/\/cooprogetti.it\/wp-content\/uploads\/2024\/11\/IMMAGINE-IN-EVIDENZA_SIBARI-600x401.jpg 600w, https:\/\/cooprogetti.it\/wp-content\/uploads\/2024\/11\/IMMAGINE-IN-EVIDENZA_SIBARI.jpg 800w\" sizes=\"(min-width: 2200px) 100vw, (min-width: 784px) 380px, (min-width: 712px) 570px, (min-width: 640px) 712px, \" \/><div class=\"fusion-rollover\">\n\t<div class=\"fusion-rollover-content\">\n\n\t\t\t\t\n\t\t\n\t\t\t\t\t\t\t\t\t\t\t\t<h4 class=\"fusion-rollover-title\">\n\t\t\t\t\t<a class=\"fusion-rollover-title-link\" href=\"https:\/\/cooprogetti.it\/es\/portfolio-items\/obras-de-demolicion-y-reconstruccion-de-la-escuela-de-sibari\/\">\n\t\t\t\t\t\tObras de demolici\u00f3n y reconstrucci\u00f3n de la escuela de Sibari\t\t\t\t\t<\/a>\n\t\t\t\t<\/h4>\n\t\t\t\n\t\t\t\t\t\t\t\t\n\t\t\n\t\t\t\t\t\t<a class=\"fusion-link-wrapper\" href=\"https:\/\/cooprogetti.it\/es\/portfolio-items\/obras-de-demolicion-y-reconstruccion-de-la-escuela-de-sibari\/\" aria-label=\"Obras de demolici\u00f3n y reconstrucci\u00f3n de la escuela de Sibari\"><\/a>\n\t<\/div>\n<\/div>\n<\/div>\n<\/div><\/article><article id=\"portfolio-1-post-10017\" class=\"fusion-portfolio-post buildings-es education-es fusion-col-spacing post-10017\"><div class=\"fusion-portfolio-content-wrapper\" style=\"border:none;\"><span class=\"entry-title rich-snippet-hidden\">Construcci\u00f3n de una nueva guarder\u00eda en el complejo escolar \u00abSabin\u00bb &#8211; PNRR M4 C1 I 1.1<\/span><span class=\"vcard rich-snippet-hidden\"><span class=\"fn\"><a href=\"https:\/\/cooprogetti.it\/es\/author\/t1zi4na\/\" title=\"Entradas de Tiziana Longo\" rel=\"author\">Tiziana Longo<\/a><\/span><\/span><span class=\"updated rich-snippet-hidden\">2024-11-13T18:18:06+00:00<\/span><div  class=\"fusion-image-wrapper\" aria-haspopup=\"true\">\n\t\t\t\t<img decoding=\"async\" width=\"800\" height=\"534\" src=\"https:\/\/cooprogetti.it\/wp-content\/uploads\/2024\/11\/IMMAGINE-IN-EVIDENZA_SABIN-1.jpg\" class=\"attachment-full size-full wp-post-image\" alt=\"\" srcset=\"https:\/\/cooprogetti.it\/wp-content\/uploads\/2024\/11\/IMMAGINE-IN-EVIDENZA_SABIN-1-200x134.jpg 200w, https:\/\/cooprogetti.it\/wp-content\/uploads\/2024\/11\/IMMAGINE-IN-EVIDENZA_SABIN-1-400x267.jpg 400w, https:\/\/cooprogetti.it\/wp-content\/uploads\/2024\/11\/IMMAGINE-IN-EVIDENZA_SABIN-1-600x401.jpg 600w, https:\/\/cooprogetti.it\/wp-content\/uploads\/2024\/11\/IMMAGINE-IN-EVIDENZA_SABIN-1.jpg 800w\" sizes=\"(min-width: 2200px) 100vw, (min-width: 784px) 380px, (min-width: 712px) 570px, (min-width: 640px) 712px, \" \/><div class=\"fusion-rollover\">\n\t<div class=\"fusion-rollover-content\">\n\n\t\t\t\t\n\t\t\n\t\t\t\t\t\t\t\t\t\t\t\t<h4 class=\"fusion-rollover-title\">\n\t\t\t\t\t<a class=\"fusion-rollover-title-link\" href=\"https:\/\/cooprogetti.it\/es\/portfolio-items\/construccion-de-una-nueva-guarderia-en-el-complejo-escolar-sabin-pnrr-m4-c1-i-1-1\/\">\n\t\t\t\t\t\tConstrucci\u00f3n de una nueva guarder\u00eda en el complejo escolar \u00abSabin\u00bb &#8211; PNRR M4 C1 I 1.1\t\t\t\t\t<\/a>\n\t\t\t\t<\/h4>\n\t\t\t\n\t\t\t\t\t\t\t\t\n\t\t\n\t\t\t\t\t\t<a class=\"fusion-link-wrapper\" href=\"https:\/\/cooprogetti.it\/es\/portfolio-items\/construccion-de-una-nueva-guarderia-en-el-complejo-escolar-sabin-pnrr-m4-c1-i-1-1\/\" aria-label=\"Construcci\u00f3n de una nueva guarder\u00eda en el complejo escolar \u00abSabin\u00bb &#8211; PNRR M4 C1 I 1.1\"><\/a>\n\t<\/div>\n<\/div>\n<\/div>\n<\/div><\/article><\/div><\/div><\/div><\/div><\/div><\/div>\n","protected":false},"excerpt":{"rendered":"","protected":false},"author":2,"featured_media":0,"parent":0,"menu_order":0,"comment_status":"closed","ping_status":"closed","template":"","meta":{"footnotes":""},"class_list":["post-6433","page","type-page","status-publish","hentry"],"_links":{"self":[{"href":"https:\/\/cooprogetti.it\/es\/wp-json\/wp\/v2\/pages\/6433","targetHints":{"allow":["GET"]}}],"collection":[{"href":"https:\/\/cooprogetti.it\/es\/wp-json\/wp\/v2\/pages"}],"about":[{"href":"https:\/\/cooprogetti.it\/es\/wp-json\/wp\/v2\/types\/page"}],"author":[{"embeddable":true,"href":"https:\/\/cooprogetti.it\/es\/wp-json\/wp\/v2\/users\/2"}],"replies":[{"embeddable":true,"href":"https:\/\/cooprogetti.it\/es\/wp-json\/wp\/v2\/comments?post=6433"}],"version-history":[{"count":3,"href":"https:\/\/cooprogetti.it\/es\/wp-json\/wp\/v2\/pages\/6433\/revisions"}],"predecessor-version":[{"id":8692,"href":"https:\/\/cooprogetti.it\/es\/wp-json\/wp\/v2\/pages\/6433\/revisions\/8692"}],"wp:attachment":[{"href":"https:\/\/cooprogetti.it\/es\/wp-json\/wp\/v2\/media?parent=6433"}],"curies":[{"name":"wp","href":"https:\/\/api.w.org\/{rel}","templated":true}]}}